{"id":9935,"date":"2023-04-26T13:42:48","date_gmt":"2023-04-26T11:42:48","guid":{"rendered":"https:\/\/green.one\/?post_type=product&#038;p=9935"},"modified":"2026-03-30T16:19:03","modified_gmt":"2026-03-30T14:19:03","slug":"cannadol-classic-cbd-oel-15","status":"publish","type":"product","link":"https:\/\/green.one\/de\/shop\/cannadol-classic-cbd-oel-15\/","title":{"rendered":"Cannadol Classic CBD \u00d6l 15%"},"content":{"rendered":"<h6 id=\"cannadol-classic-cbd-l-15-epische-bio-kraft-fr-tgl\" class=\"font-editorial font-bold mb-2 mt-4 [.has-inline-images_&amp;]:clear-end text-lg first:mt-0 md:text-lg [hr+&amp;]:mt-4\">Cannadol Classic <a href=\"https:\/\/green.one\/de\/\">CBD \u00d6l<\/a> 15%: Epische Bio-Kraft f\u00fcr t\u00e4gliche Balance<\/h6>\n<p class=\"my-2 [&amp;+p]:mt-4 [&amp;_strong:has(+br)]:inline-block [&amp;_strong:has(+br)]:pb-2\"><strong>Cannadol Classic CBD \u00d6l 15%<\/strong>\u00a0entfacht pure Entspannung mit 1.500 mg hochwertigem Cannabidiol in 10 ml Bio-Hanfsamen\u00f6l aus nachhaltigem Anbau.<\/p>\n<p class=\"my-2 [&amp;+p]:mt-4 [&amp;_strong:has(+br)]:inline-block [&amp;_strong:has(+br)]:pb-2\">Dieses <a href=\"https:\/\/green.one\/de\/produkt\/cbd\/oel\/\"><strong>Vollspektrum-\u00d6l<\/strong><\/a> nutzt den m\u00e4chtigen Entourage-Effekt durch nat\u00fcrliche Terpene und Cannabinoide \u2013 THC strikt unter 0,2%. Bei <strong>green.one <a href=\"https:\/\/green.one\/de\/\">CBD \u00d6l Shop<\/a><\/strong> thront\u00a0<strong>Cannadol Classic CBD \u00d6l 15%<\/strong>\u00a0als unverzichtbarer Klassiker f\u00fcr alle, die innere Ruhe erobern wollen.<\/p>\n<h6 id=\"technische-berlegenheit\" class=\"font-editorial font-bold mb-2 mt-4 [.has-inline-images_&amp;]:clear-end text-lg first:mt-0 md:text-lg [hr+&amp;]:mt-4\">Technische \u00dcberlegenheit<\/h6>\n<p class=\"my-2 [&amp;+p]:mt-4 [&amp;_strong:has(+br)]:inline-block [&amp;_strong:has(+br)]:pb-2\"><strong>Cannadol Classic CBD \u00d6l 15%<\/strong> bietet 5 mg CBD pro Tropfen bei etwa 300 Tropfen pro Flasche. Das reine Bio-Hanfsamen\u00f6l, vollgepackt mit Omega-3\/6 und <a href=\"https:\/\/green.one\/de\/produkt\/nahrungsergaenzung\/\">Vitamin E<\/a>, maximiert die Aufnahme.<\/p>\n<p class=\"my-2 [&amp;+p]:mt-4 [&amp;_strong:has(+br)]:inline-block [&amp;_strong:has(+br)]:pb-2\">Vegan, glutenfrei, bio-zertifiziert und frei von Schadstoffen \u2013 mildes, erdiges Aroma mit 24 Monaten Haltbarkeit unge\u00f6ffnet.<\/p>\n<h6 class=\"font-editorial font-bold mb-2 mt-4 [.has-inline-images_&amp;]:clear-end text-lg first:mt-0 md:text-lg [hr+&amp;]:mt-4\">Wof\u00fcr\u00a0<strong>Cannadol Classic CBD \u00d6l 15%<\/strong>\u00a0gl\u00e4nzt<\/h6>\n<p class=\"my-2 [&amp;+p]:mt-4 [&amp;_strong:has(+br)]:inline-block [&amp;_strong:has(+br)]:pb-2\">Dieses Premium-\u00d6l f\u00f6rdert Balance, lindert Alltagsstress und unterst\u00fctzt nat\u00fcrliche Erholung. Sublingual dosiert, entfaltet es schnelle Wirkung durch schonende CO2-Extraktion.<\/p>\n<p class=\"my-2 [&amp;+p]:mt-4 [&amp;_strong:has(+br)]:inline-block [&amp;_strong:has(+br)]:pb-2\">Perfekt f\u00fcr Einsteiger bis Fortgeschrittene \u2013 starte mit 1 Tropfen t\u00e4glich f\u00fcr sp\u00fcrbare <a href=\"https:\/\/green.one\/de\/produkt\/cannabis\/blumen\/\"><strong>Power.<\/strong><\/a><\/p>\n<h6 id=\"einzigartige-power-features\" class=\"font-editorial font-bold mb-2 mt-4 [.has-inline-images_&amp;]:clear-end text-lg first:mt-0 md:text-lg [hr+&amp;]:mt-4\">Einzigartige Power-Features<\/h6>\n<p class=\"my-2 [&amp;+p]:mt-4 [&amp;_strong:has(+br)]:inline-block [&amp;_strong:has(+br)]:pb-2\"><strong>Cannadol CBD \u00d6l 15%<\/strong>\u00a0begeistert mit reichem Terpenprofil f\u00fcr blumig-w\u00fcrzigen Geschmack und synergistische Effekte. Das nachhaltige \u00d6l pflegt Haut und Schleimh\u00e4ute, ohne Zusatzstoffe.<\/p>\n<p class=\"my-2 [&amp;+p]:mt-4 [&amp;_strong:has(+br)]:inline-block [&amp;_strong:has(+br)]:pb-2\">Aus kontrolliertem europ\u00e4ischen Hanf \u2013 pure Qualit\u00e4t ohne Kompromisse, BfR-konform und laborgepr\u00fcft.<\/p>\n<h6 id=\"dein-must-have-bei-greenone\" class=\"font-editorial font-bold mb-2 mt-4 [.has-inline-images_&amp;]:clear-end text-lg first:mt-0 md:text-lg [hr+&amp;]:mt-4\">Dein Must-Have bei green.one <a href=\"https:\/\/green.one\/de\/\">CBD Oel Shop<\/a><\/h6>\n<p class=\"my-2 [&amp;+p]:mt-4 [&amp;_strong:has(+br)]:inline-block [&amp;_strong:has(+br)]:pb-2\"><strong>Cannadol Classic CBD \u00d6l 15%<\/strong>\u00a0dominiert green.one mit 1.500 mg CBD, pr\u00e4ziser Dosierung und ultimativer Reinheit. K\u00fchl lagern, sch\u00fctteln vor Gebrauch \u2013 entdecke die revolution\u00e4re Kraft f\u00fcr dein Wohlbefinden und hebe dein Ritual auf Elite-Niveau.<\/p>\n<p class=\"my-2 [&amp;+p]:mt-4 [&amp;_strong:has(+br)]:inline-block [&amp;_strong:has(+br)]:pb-2\"><strong>Rechtlicher Hinweis:<\/strong> <em>Dieses Produkt ist kein Arzneimittel. Es ersetzt keine ausgewogene und abwechslungsreiche Ern\u00e4hrung und keinen gesunden Lebensstil. Bei Schwangerschaft, Stillzeit oder wenn du Medikamente einnimmst, konsultiere vor der Verwendung deinen Arzt.<\/em><\/p>\n","protected":false},"excerpt":{"rendered":"<p class=\"my-2 [&amp;+p]:mt-4 [&amp;_strong:has(+br)]:inline-block [&amp;_strong:has(+br)]:pb-2\"><strong>Cannadol Classic CBD \u00d6l 15%<\/strong>\u00a0enth\u00e4lt 1.500 mg CBD (15%) in 10 ml Bio-Hanfsamen\u00f6l mit Vollspektrum-Extrakt (THC &lt; 0,2%).<br \/>\n5 mg CBD pro Tropfen (ca. 300 Tropfen), vegan, glutenfrei, bio-zertifiziert aus europ\u00e4ischem Hanf mit Terpenen und Omega-3\/6.<br \/>\nMildes erdiges Aroma f\u00fcr Balance und Erholung \u2013 sublingual 1 Tropfen t\u00e4glich, k\u00fchl lagern, nicht zum Verzehr.<\/p>\n","protected":false},"featured_media":10490,"comment_status":"open","ping_status":"closed","template":"","meta":{"_trash_the_other_posts":false,"editor_notices":[]},"product_brand":[166],"product_cat":[150,151,242,264],"product_tag":[229,260,279],"class_list":{"0":"post-9935","1":"product","2":"type-product","3":"status-publish","4":"has-post-thumbnail","6":"product_brand-cannadol","7":"product_cat-cbd-2","8":"product_cat-oel","9":"product_cat-cbd-oel-15-prozent","10":"product_cat-vollspektrum","11":"product_tag-cannadol","12":"product_tag-oil-15","13":"product_tag-full-spectrum","15":"first","16":"instock","17":"sale","18":"taxable","19":"shipping-taxable","20":"purchasable","21":"product-type-simple"},"_links":{"self":[{"href":"https:\/\/green.one\/de\/wp-json\/wp\/v2\/product\/9935","targetHints":{"allow":["GET"]}}],"collection":[{"href":"https:\/\/green.one\/de\/wp-json\/wp\/v2\/product"}],"about":[{"href":"https:\/\/green.one\/de\/wp-json\/wp\/v2\/types\/product"}],"replies":[{"embeddable":true,"href":"https:\/\/green.one\/de\/wp-json\/wp\/v2\/comments?post=9935"}],"wp:featuredmedia":[{"embeddable":true,"href":"https:\/\/green.one\/de\/wp-json\/wp\/v2\/media\/10490"}],"wp:attachment":[{"href":"https:\/\/green.one\/de\/wp-json\/wp\/v2\/media?parent=9935"}],"wp:term":[{"taxonomy":"product_brand","embeddable":true,"href":"https:\/\/green.one\/de\/wp-json\/wp\/v2\/product_brand?post=9935"},{"taxonomy":"product_cat","embeddable":true,"href":"https:\/\/green.one\/de\/wp-json\/wp\/v2\/product_cat?post=9935"},{"taxonomy":"product_tag","embeddable":true,"href":"https:\/\/green.one\/de\/wp-json\/wp\/v2\/product_tag?post=9935"}],"curies":[{"name":"wp","href":"https:\/\/api.w.org\/{rel}","templated":true}]}}