{"id":9938,"date":"2022-08-24T11:22:42","date_gmt":"2022-08-24T09:22:42","guid":{"rendered":"https:\/\/green.one\/?post_type=product&#038;p=9938"},"modified":"2026-03-30T20:47:37","modified_gmt":"2026-03-30T18:47:37","slug":"vitadol-cbd-oel-schlaf-melatonin","status":"publish","type":"product","link":"https:\/\/green.one\/de\/shop\/vitadol-cbd-oel-schlaf-melatonin\/","title":{"rendered":"Vitadol CBD \u00d6l Schlaf Melatonin"},"content":{"rendered":"<h6 id=\"vitadol-cbd-l-schlaf-melatonin-sanfte-nachtformel\" class=\"font-editorial font-bold first:mt-xs mb-2 mt-4 [.has-inline-images_&amp;]:clear-end text-lg leading-[1.5em] lg:text-xl\" style=\"text-align: left\">Vitadol <a href=\"https:\/\/green.one\/de\/produkt\/cbd\/oel\/\">CBD \u00d6l<\/a> Schlaf <a href=\"https:\/\/green.one\/de\/produkt\/cbd-oel-melatonin\/\">Melatonin<\/a>: Sanfte Nachtformel f\u00fcr eine entspannte Abendroutine<\/h6>\n<p class=\"my-2 [&amp;+p]:mt-4 [&amp;_strong:has(+br)]:inline-block [&amp;_strong:has(+br)]:pb-2\"><strong>Vitadol <a href=\"https:\/\/green.one\/product\/broad-spectrum\/\">CBD \u00d6l<\/a> Schlaf Melatonin<\/strong>\u00a0ist ein Nahrungserg\u00e4nzungsmittel in Tropfenform f\u00fcr die Anwendung vor dem Schlafengehen und kombiniert <a href=\"https:\/\/green.one\/de\/produkt\/cbd\/oel\/\"><strong>Bio-Hanfsamen\u00f6l<\/strong><\/a> mit Melatonin in einer 10-ml-Pipettenflasche.<\/p>\n<p class=\"my-2 [&amp;+p]:mt-4 [&amp;_strong:has(+br)]:inline-block [&amp;_strong:has(+br)]:pb-2\">Laut Hersteller liefert die empfohlene Tagesdosis von 10 bis 12 Tropfen 1 mg <a href=\"https:\/\/green.one\/de\/produkt\/cbd-oel-melatonin\/\"><strong>Melatonin<\/strong><\/a>, w\u00e4hrend eine Flasche mit rund 330 Tropfen f\u00fcr etwa 30 Tage reicht. Das Produkt ist vegan, zuckerfrei, laktosefrei, glutenfrei, frei von Zusatzstoffen, Konservierungsstoffen und Aromen sowie ohne THC beschrieben.<\/p>\n<h6 id=\"wofr-das-produkt-gedacht-ist\" class=\"font-editorial font-bold mb-2 mt-4 [.has-inline-images_&amp;]:clear-end text-lg first:mt-0 md:text-lg [hr+&amp;]:mt-4\">Wof\u00fcr das Produkt gedacht ist<\/h6>\n<p class=\"my-2 [&amp;+p]:mt-4 [&amp;_strong:has(+br)]:inline-block [&amp;_strong:has(+br)]:pb-2\">Melatonin wird vom Hersteller als zentraler Bestandteil des Schlaf-Wach-Zyklus beschrieben und das Produkt wurde gezielt f\u00fcr die Abendroutine entwickelt.<\/p>\n<p class=\"my-2 [&amp;+p]:mt-4 [&amp;_strong:has(+br)]:inline-block [&amp;_strong:has(+br)]:pb-2\">Zudem tr\u00e4gt Melatonin laut Kennzeichnung dazu bei, die Einschlafzeit zu verk\u00fcrzen, wenn kurz vor dem Schlafengehen 1 mg aufgenommen wird. Dadurch eignet sich das \u00d6l besonders f\u00fcr Erwachsene, die vor der Nacht eine einfache und pr\u00e4zise dosierbare L\u00f6sung suchen.<\/p>\n<h6 id=\"technische-daten-und-zusammensetzung\" class=\"font-editorial font-bold mb-2 mt-4 [.has-inline-images_&amp;]:clear-end text-lg first:mt-0 md:text-lg [hr+&amp;]:mt-4\">Technische Daten und Zusammensetzung<\/h6>\n<p class=\"my-2 [&amp;+p]:mt-4 [&amp;_strong:has(+br)]:inline-block [&amp;_strong:has(+br)]:pb-2\"><strong>Vitadol <a href=\"https:\/\/green.one\/de\/produkt\/vollspektrum\/\">CBD \u00d6l<\/a> Schlaf Melatonin<\/strong>\u00a0enth\u00e4lt laut Zutatenliste ausschlie\u00dflich Hanfsamen\u00f6l und Melatonin. Pro Tagesdosis sind 225 mg polyunges\u00e4ttigte Fetts\u00e4uren, davon 174 mg Omega 6 und 51 mg Omega 3, sowie 1 mg <a href=\"https:\/\/green.one\/de\/produkt\/cbd-oel-melatonin\/\">Melatonin<\/a> angegeben.<\/p>\n<p class=\"my-2 [&amp;+p]:mt-4 [&amp;_strong:has(+br)]:inline-block [&amp;_strong:has(+br)]:pb-2\">Die Verpackung besteht aus einer UV-gesch\u00fctzten Glasflasche mit Pipette, damit sich das \u00d6l tropfenweise und sauber dosieren l\u00e4sst.<\/p>\n<h6 id=\"anwendung-und-besondere-merkmale\" class=\"font-editorial font-bold mb-2 mt-4 [.has-inline-images_&amp;]:clear-end text-lg first:mt-0 md:text-lg [hr+&amp;]:mt-4\">Anwendung und besondere Merkmale<\/h6>\n<p class=\"my-2 [&amp;+p]:mt-4 [&amp;_strong:has(+br)]:inline-block [&amp;_strong:has(+br)]:pb-2\">F\u00fcr die Einnahme empfiehlt der Hersteller,\u00a0<strong>Vitadol CBD \u00d6l Schlaf Melatonin<\/strong>\u00a0kurz vor dem Schlafengehen direkt in den Mund zu geben und die L\u00f6sung etwa 30 Sekunden vor dem Schlucken einwirken zu lassen.<\/p>\n<p class=\"my-2 [&amp;+p]:mt-4 [&amp;_strong:has(+br)]:inline-block [&amp;_strong:has(+br)]:pb-2\">Gelagert werden sollte das Produkt trocken, lichtgesch\u00fctzt und bei Raumtemperatur, au\u00dferdem ist die Verwendung nur f\u00fcr Personen ab 18 Jahren vorgesehen. Zus\u00e4tzlich wird darauf hingewiesen, das \u00d6l nicht zusammen mit Alkohol und nicht vor dem Bedienen von Maschinen oder der Teilnahme am Stra\u00dfenverkehr einzunehmen.<\/p>\n<h6 id=\"warum-diese-nachtformel-berzeugt\" class=\"font-editorial font-bold mb-2 mt-4 [.has-inline-images_&amp;]:clear-end text-lg first:mt-0 md:text-lg [hr+&amp;]:mt-4\">Warum diese Nachtformel \u00fcberzeugt<\/h6>\n<p class=\"my-2 [&amp;+p]:mt-4 [&amp;_strong:has(+br)]:inline-block [&amp;_strong:has(+br)]:pb-2\"><strong>Vitadol <a href=\"https:\/\/green.one\/de\/produkt\/cbd\/oel\/\">CBD \u00d6l<\/a> Schlaf Melatonin<\/strong>\u00a0punktet mit einer klaren, reduzierten Rezeptur, einer einfachen Anwendung und einer auf die Nacht abgestimmten Dosierung. Das schonend hergestellte Bio-Hanfsamen\u00f6l dient als Tr\u00e4ger\u00f6l und bringt nat\u00fcrliche Omega-3- und Omega-6-Fetts\u00e4uren mit, w\u00e4hrend die Pipette eine pr\u00e4zise Abendanwendung erleichtert.<\/p>\n<p class=\"my-2 [&amp;+p]:mt-4 [&amp;_strong:has(+br)]:inline-block [&amp;_strong:has(+br)]:pb-2\">Wer eine kompakte, vegane und sauber deklarierte Nachtformel sucht, findet in\u00a0<strong>Vitadol CBD \u00d6l Schlaf Melatonin<\/strong>\u00a0eine praktische Wahl f\u00fcr die t\u00e4gliche Schlafroutine.<\/p>\n<p>green.one\u00ae <a href=\"https:\/\/green.one\/de\/\">CBD \u00d6l Shop<\/a> ist ein deutsches Premium-Online-Gesch\u00e4ft das eine breite Auswahl an hochwertigen <a href=\"https:\/\/green.one\/de\/produkt\/cannabis\/cbd-samen\/\">CBD-Produkten<\/a> f\u00fcr ganz Europa anbietet.<\/p>\n<p class=\"my-2 [&amp;+p]:mt-4 [&amp;_strong:has(+br)]:inline-block [&amp;_strong:has(+br)]:pb-2\"><strong>Rechtlicher Hinweis:<\/strong> <em>Dieses Produkt ist kein Arzneimittel. Es ersetzt keine ausgewogene und abwechslungsreiche Ern\u00e4hrung und keinen gesunden Lebensstil. Bei Schwangerschaft, Stillzeit oder wenn du Medikamente einnimmst, konsultiere vor der Verwendung deinen Arzt.<\/em><\/p>\n","protected":false},"excerpt":{"rendered":"<p><strong>Vitadol CBD \u00d6l Schlaf Melatonin<\/strong>\u00a0ist ein Nacht\u00f6l in Tropfenform mit Melatonin und Bio-Hanfsamen\u00f6l in einer 10-ml-Glasflasche mit Pipette. Die empfohlene Tagesdosis von 10 bis 12 Tropfen liefert 1 mg Melatonin, au\u00dferdem enth\u00e4lt das Produkt nat\u00fcrliche Omega-3- und Omega-6-Fetts\u00e4uren aus Hanfsamen\u00f6l. Die Formel ist vegan, THC-frei, glutenfrei, laktosefrei, zuckerfrei und frei von Zusatzstoffen, Konservierungsstoffen und Aromen.<\/p>\n","protected":false},"featured_media":10056,"comment_status":"open","ping_status":"closed","template":"","meta":{"_trash_the_other_posts":false,"editor_notices":[]},"product_brand":[182],"product_cat":[150,212],"product_tag":[209,214,301],"class_list":{"0":"post-9938","1":"product","2":"type-product","3":"status-publish","4":"has-post-thumbnail","6":"product_brand-vitadol","7":"product_cat-cbd-2","8":"product_cat-cbd-oel-melatonin","9":"product_tag-vitadol-2","10":"product_tag-melatonin","11":"product_tag-oel","13":"first","14":"instock","15":"sale","16":"taxable","17":"shipping-taxable","18":"purchasable","19":"product-type-simple"},"_links":{"self":[{"href":"https:\/\/green.one\/de\/wp-json\/wp\/v2\/product\/9938","targetHints":{"allow":["GET"]}}],"collection":[{"href":"https:\/\/green.one\/de\/wp-json\/wp\/v2\/product"}],"about":[{"href":"https:\/\/green.one\/de\/wp-json\/wp\/v2\/types\/product"}],"replies":[{"embeddable":true,"href":"https:\/\/green.one\/de\/wp-json\/wp\/v2\/comments?post=9938"}],"wp:featuredmedia":[{"embeddable":true,"href":"https:\/\/green.one\/de\/wp-json\/wp\/v2\/media\/10056"}],"wp:attachment":[{"href":"https:\/\/green.one\/de\/wp-json\/wp\/v2\/media?parent=9938"}],"wp:term":[{"taxonomy":"product_brand","embeddable":true,"href":"https:\/\/green.one\/de\/wp-json\/wp\/v2\/product_brand?post=9938"},{"taxonomy":"product_cat","embeddable":true,"href":"https:\/\/green.one\/de\/wp-json\/wp\/v2\/product_cat?post=9938"},{"taxonomy":"product_tag","embeddable":true,"href":"https:\/\/green.one\/de\/wp-json\/wp\/v2\/product_tag?post=9938"}],"curies":[{"name":"wp","href":"https:\/\/api.w.org\/{rel}","templated":true}]}}