{"id":9947,"date":"2023-04-26T13:42:44","date_gmt":"2023-04-26T11:42:44","guid":{"rendered":"https:\/\/green.one\/?post_type=product&#038;p=9947"},"modified":"2026-03-30T18:05:28","modified_gmt":"2026-03-30T16:05:28","slug":"cannadol-zitrone-cbd-oel-10","status":"publish","type":"product","link":"https:\/\/green.one\/de\/shop\/cannadol-zitrone-cbd-oel-10\/","title":{"rendered":"Cannadol Zitrone CBD \u00d6l 10%"},"content":{"rendered":"<h6 class=\"my-2 [&amp;+p]:mt-4 [&amp;_strong:has(+br)]:inline-block [&amp;_strong:has(+br)]:pb-2\" style=\"text-align: left\"><strong>Erwecken Sie Ihr Wohlbefinden mit Cannadol Zitrone <a href=\"https:\/\/green.one\/de\/\">CBD \u00d6l<\/a> 10% \u2013 Frische Zitruskraft!<\/strong><\/h6>\n<p class=\"my-2 [&amp;+p]:mt-4 [&amp;_strong:has(+br)]:inline-block [&amp;_strong:has(+br)]:pb-2\">Cannadol Zitrone CBD \u00d6l 10% enth\u00e4lt 1.000 mg hochwertiges Cannabidiol in einer 10-ml-Flasche und verzaubert mit mildem Zitronenaroma aus nat\u00fcrlichem Zitronenschalen-Extrakt.<\/p>\n<p class=\"my-2 [&amp;+p]:mt-4 [&amp;_strong:has(+br)]:inline-block [&amp;_strong:has(+br)]:pb-2\">Dieses <a href=\"https:\/\/green.one\/de\/produkt\/vollspektrum\/\"><strong>Vollspektrum-\u00d6l<\/strong> <\/a>aus EU-zertifiziertem Bio-Nutzhanf wird schonend per CO\u2082-Extraktion gewonnen, um Cannabinoide, Terpene und Flavonoide zu erhalten \u2013 THC-Gehalt weit unter 0,2%. In goldenem, gefiltertem Bio-Hanfsamen\u00f6l gel\u00f6st, ist es vegan, laktosefrei, glutenfrei und non-GMO.<\/p>\n<h6 id=\"technische-spezifikationen\" class=\"font-editorial font-bold mb-2 mt-4 [.has-inline-images_&amp;]:clear-end text-lg first:mt-0 md:text-lg [hr+&amp;]:mt-4\">Technische Spezifikationen<\/h6>\n<p class=\"my-2 [&amp;+p]:mt-4 [&amp;_strong:has(+br)]:inline-block [&amp;_strong:has(+br)]:pb-2\">Cannadol Zitrone CBD \u00d6l 10% bietet ca. 330 Tropfen aus lichtgesch\u00fctzter Braunglas mit Pipette \u2013 jeder Tropfen liefert etwa 3 mg CBD.<\/p>\n<p class=\"my-2 [&amp;+p]:mt-4 [&amp;_strong:has(+br)]:inline-block [&amp;_strong:has(+br)]:pb-2\">Inhaltsstoffe umfassen Cannabis Sativa Seed Oil, <a href=\"https:\/\/green.one\/de\/produkt\/cannabis\/cbd-samen\/\"><strong>Cannabis Sativa Seed\/<\/strong><\/a>Stem Extract, Citrus Limon Peel Extract, Limonene und Citral.<\/p>\n<p class=\"my-2 [&amp;+p]:mt-4 [&amp;_strong:has(+br)]:inline-block [&amp;_strong:has(+br)]:pb-2\">Mehrfach laborgepr\u00fcft, frei von Pestiziden, Schwermetallen, Fungiziden oder Zusatzstoffen. Produziert in den Niederlanden, nachhaltig und schadstofffrei.<\/p>\n<h6 id=\"beeindruckende-vorteile\" class=\"font-editorial font-bold mb-2 mt-4 [.has-inline-images_&amp;]:clear-end text-lg first:mt-0 md:text-lg [hr+&amp;]:mt-4\">Beeindruckende Vorteile<\/h6>\n<p class=\"my-2 [&amp;+p]:mt-4 [&amp;_strong:has(+br)]:inline-block [&amp;_strong:has(+br)]:pb-2\">Dieses \u00d6l f\u00f6rdert Entspannung, Stressreduktion und innere Balance durch den starken Entourage-Effekt, aufgewertet vom frischen Zitrusduft f\u00fcr reinen Genuss.<\/p>\n<p class=\"my-2 [&amp;+p]:mt-4 [&amp;_strong:has(+br)]:inline-block [&amp;_strong:has(+br)]:pb-2\">Ideal f\u00fcr moderate Bed\u00fcrfnisse oder solche, die Aroma sch\u00e4tzen \u2013 golden, mild und aromatisch. Im <a href=\"https:\/\/green.one\/de\/\"><strong>green.one Shop<\/strong><\/a> ist\u00a0 Zitrone CBD \u00d6l 10% Ihr smarter Einstieg in aromatisches Wellness.<\/p>\n<h6 id=\"praktische-anwendung\" class=\"font-editorial font-bold mb-2 mt-4 [.has-inline-images_&amp;]:clear-end text-lg first:mt-0 md:text-lg [hr+&amp;]:mt-4\">Praktische Anwendung<\/h6>\n<p class=\"my-2 [&amp;+p]:mt-4 [&amp;_strong:has(+br)]:inline-block [&amp;_strong:has(+br)]:pb-2\">Sch\u00fctteln Sie vor Gebrauch, tr\u00e4ufeln Sie 1\u20133 Tropfen bis dreimal t\u00e4glich unter die Zunge, lassen Sie 1 Minute einwirken und sp\u00fclen Sie optional mit Wasser.<\/p>\n<p class=\"my-2 [&amp;+p]:mt-4 [&amp;_strong:has(+br)]:inline-block [&amp;_strong:has(+br)]:pb-2\">Steigern Sie w\u00f6chentlich bei Bedarf; lagern Sie k\u00fchl, trocken und lichtgesch\u00fctzt, ge\u00f6ffnet innerhalb 3 Monaten verbrauchen. Perfekt f\u00fcr Anwender mit etwas Erfahrung oder Vorliebe f\u00fcr frische Noten.<\/p>\n<p class=\"my-2 [&amp;+p]:mt-4 [&amp;_strong:has(+br)]:inline-block [&amp;_strong:has(+br)]:pb-2\">Cannadol\u00a0 CBD \u00d6l 10% bringt explosive Frische und Power in den Alltag \u2013 sichern Sie es bei green.one!\u00a0 Zitrone CBD \u00d6l 10% kombiniert Geschmack und h\u00f6chste Qualit\u00e4t.<\/p>\n<p class=\"my-2 [&amp;+p]:mt-4 [&amp;_strong:has(+br)]:inline-block [&amp;_strong:has(+br)]:pb-2\">Sp\u00fcren Sie die zitrushafte Revolution mit Cannadol Zitrone CBD \u00d6l 10%. Erleben Sie unvergesslichen Boost durch Cannadol Zitrone CBD \u00d6l 10%!<\/p>\n<p>green.one\u00ae <a href=\"https:\/\/green.one\/de\/\">CBD \u00d6l Shop<\/a> ist ein deutsches Premium-Online-Gesch\u00e4ft das eine breite Auswahl an hochwertigen CBD-Produkten f\u00fcr ganz Europa anbietet.<\/p>\n<p class=\"my-2 [&amp;+p]:mt-4 [&amp;_strong:has(+br)]:inline-block [&amp;_strong:has(+br)]:pb-2\"><strong>Rechtlicher Hinweis: <\/strong><em>Dieses Produkt ist kein Arzneimittel. Es ersetzt keine ausgewogene und abwechslungsreiche Ern\u00e4hrung und keinen gesunden Lebensstil. Bei Schwangerschaft, Stillzeit oder wenn du Medikamente einnimmst, konsultiere vor der Verwendung deinen Arz<\/em><\/p>\n","protected":false},"excerpt":{"rendered":"<p><strong>Cannadol Zitrone CBD \u00d6l 10%<\/strong> mit 1.000 mg CBD in 10 ml: Bio-Vollspektrum-\u00d6l aus EU-Hanf, CO\u2082-extrahiert, vegan mit frischer Zitronennote. Unterst\u00fctzt Entspannung und Wohlbefinden. THC &lt;0,2%, laborgepr\u00fcft. Ca. 330 Tropfen mit Pipette. Perfekt f\u00fcr moderate Bed\u00fcrfnisse. Jetzt bei green.one!<\/p>\n","protected":false},"featured_media":10467,"comment_status":"open","ping_status":"closed","template":"","meta":{"_trash_the_other_posts":false,"editor_notices":[]},"product_brand":[166],"product_cat":[150,151,241,264],"product_tag":[229,253,258,279],"class_list":{"0":"post-9947","1":"product","2":"type-product","3":"status-publish","4":"has-post-thumbnail","6":"product_brand-cannadol","7":"product_cat-cbd-2","8":"product_cat-oel","9":"product_cat-cbd-oel-10-prozent","10":"product_cat-vollspektrum","11":"product_tag-cannadol","12":"product_tag-cbd","13":"product_tag-oil-10","14":"product_tag-full-spectrum","16":"first","17":"instock","18":"sale","19":"taxable","20":"shipping-taxable","21":"purchasable","22":"product-type-simple"},"_links":{"self":[{"href":"https:\/\/green.one\/de\/wp-json\/wp\/v2\/product\/9947","targetHints":{"allow":["GET"]}}],"collection":[{"href":"https:\/\/green.one\/de\/wp-json\/wp\/v2\/product"}],"about":[{"href":"https:\/\/green.one\/de\/wp-json\/wp\/v2\/types\/product"}],"replies":[{"embeddable":true,"href":"https:\/\/green.one\/de\/wp-json\/wp\/v2\/comments?post=9947"}],"wp:featuredmedia":[{"embeddable":true,"href":"https:\/\/green.one\/de\/wp-json\/wp\/v2\/media\/10467"}],"wp:attachment":[{"href":"https:\/\/green.one\/de\/wp-json\/wp\/v2\/media?parent=9947"}],"wp:term":[{"taxonomy":"product_brand","embeddable":true,"href":"https:\/\/green.one\/de\/wp-json\/wp\/v2\/product_brand?post=9947"},{"taxonomy":"product_cat","embeddable":true,"href":"https:\/\/green.one\/de\/wp-json\/wp\/v2\/product_cat?post=9947"},{"taxonomy":"product_tag","embeddable":true,"href":"https:\/\/green.one\/de\/wp-json\/wp\/v2\/product_tag?post=9947"}],"curies":[{"name":"wp","href":"https:\/\/api.w.org\/{rel}","templated":true}]}}