{"id":9955,"date":"2024-11-28T16:36:08","date_gmt":"2024-11-28T14:36:08","guid":{"rendered":"https:\/\/green.one\/?post_type=product&#038;p=9955"},"modified":"2026-03-28T15:10:34","modified_gmt":"2026-03-28T13:10:34","slug":"eos-patrone-schlaf-cbd-74","status":"publish","type":"product","link":"https:\/\/green.one\/de\/shop\/eos-patrone-schlaf-cbd-74\/","title":{"rendered":"Eos Patrone Schlaf CBD 74%"},"content":{"rendered":"<h6 id=\"entdecke-erholsame-nchte-neu\" class=\"font-editorial font-bold mb-2 mt-4 [.has-inline-images_&amp;]:clear-end text-lg first:mt-0 md:text-lg [hr+&amp;]:mt-4\" style=\"text-align: left\">Entdecke erholsame N\u00e4chte neu<\/h6>\n<p class=\"my-2 [&amp;+p]:mt-4 [&amp;_strong:has(+br)]:inline-block [&amp;_strong:has(+br)]:pb-2\">Wer sich am Abend nach echter Ruhe, angenehmer Gelassenheit und einem kleinen Wohlf\u00fchlmoment sehnt, achtet heute mehr denn je auf Qualit\u00e4t, Reinheit und ein stimmiges Erlebnis.<\/p>\n<p class=\"my-2 [&amp;+p]:mt-4 [&amp;_strong:has(+br)]:inline-block [&amp;_strong:has(+br)]:pb-2\">Genau hier setzt\u00a0<strong>Eos Patrone Schlaf CBD 74%<\/strong>\u00a0an und bietet eine moderne, stilvolle M\u00f6glichkeit, die pers\u00f6nliche Abendroutine bewusster zu gestalten.<\/p>\n<p class=\"my-2 [&amp;+p]:mt-4 [&amp;_strong:has(+br)]:inline-block [&amp;_strong:has(+br)]:pb-2\">F\u00fcr viele Menschen ist der Abend die wichtigste Zeit des Tages, um Tempo herauszunehmen, Gedanken zu ordnen und den \u00dcbergang in eine entspannte Nacht sanft zu begleiten.<\/p>\n<p class=\"my-2 [&amp;+p]:mt-4 [&amp;_strong:has(+br)]:inline-block [&amp;_strong:has(+br)]:pb-2\">In einem hochwertigen Sortiment wie bei <a href=\"https:\/\/green.one\/de\/produkt\/cbd-vape\/\"><strong>green.one<\/strong> <\/a>passt ein Produkt ideal, das Genuss, Qualit\u00e4t und einen zeitgem\u00e4\u00dfen Anspruch an Nat\u00fcrlichkeit miteinander verbindet.<\/p>\n<h6 id=\"warum-dieses-produkt-so-besonders-ist\" class=\"font-editorial font-bold mb-2 mt-4 [.has-inline-images_&amp;]:clear-end text-lg first:mt-0 md:text-lg [hr+&amp;]:mt-4\">Warum dieses Produkt so besonders ist<\/h6>\n<p class=\"my-2 [&amp;+p]:mt-4 [&amp;_strong:has(+br)]:inline-block [&amp;_strong:has(+br)]:pb-2\">Nicht jedes Produkt schafft es, Funktion, Qualit\u00e4t und Charakter \u00fcberzeugend zu vereinen.\u00a0<strong>Eos Patrone Schlaf CBD 74%<\/strong>\u00a0spricht gezielt Menschen an, die auf ein intensives, hochwertiges und zugleich komfortables Erlebnis setzen.<\/p>\n<p class=\"my-2 [&amp;+p]:mt-4 [&amp;_strong:has(+br)]:inline-block [&amp;_strong:has(+br)]:pb-2\">Gerade im Bereich moderner <a href=\"https:\/\/green.one\/de\/\"><strong>CBD<\/strong><\/a>-Produkte sind Reinheit, Verarbeitung und ein verl\u00e4sslicher Gesamteindruck entscheidend.<\/p>\n<p class=\"my-2 [&amp;+p]:mt-4 [&amp;_strong:has(+br)]:inline-block [&amp;_strong:has(+br)]:pb-2\">Wer abends bewusst ausw\u00e4hlt, m\u00f6chte keine Kompromisse eingehen, sondern ein Produkt finden, das durch starke Qualit\u00e4t und eine klare Ausrichtung \u00fcberzeugt. Genau dieser Anspruch macht eine sorgf\u00e4ltige Produktauswahl im <a href=\"https:\/\/green.one\/de\/\"><strong>E-Commerce<\/strong><\/a> heute so wertvoll.<\/p>\n<h6 id=\"premium-qualitt-fr-anspruchsvolle-genieer\" class=\"font-editorial font-bold mb-2 mt-4 [.has-inline-images_&amp;]:clear-end text-lg first:mt-0 md:text-lg [hr+&amp;]:mt-4\">Premium-Qualit\u00e4t f\u00fcr anspruchsvolle Genie\u00dfer<\/h6>\n<p class=\"my-2 [&amp;+p]:mt-4 [&amp;_strong:has(+br)]:inline-block [&amp;_strong:has(+br)]:pb-2\">Bei green.one stehen ausgew\u00e4hlte Produkte im Mittelpunkt, die zu einem bewussten Lebensstil passen und ein \u00fcberzeugendes Gesamtgef\u00fchl vermitteln.<\/p>\n<p class=\"my-2 [&amp;+p]:mt-4 [&amp;_strong:has(+br)]:inline-block [&amp;_strong:has(+br)]:pb-2\"><strong>Eos Patrone Schlaf <a href=\"https:\/\/green.one\/de\/produkt\/cannabis\/cbd-samen\/\">CBD<\/a> 74%<\/strong>\u00a0ist deshalb eine interessante Wahl f\u00fcr alle, die hohe Anspr\u00fcche an moderne <strong><a href=\"https:\/\/green.one\/de\/produkt\/cbd\/oel\/\">CBD<\/a><\/strong>-L\u00f6sungen haben.<\/p>\n<p class=\"my-2 [&amp;+p]:mt-4 [&amp;_strong:has(+br)]:inline-block [&amp;_strong:has(+br)]:pb-2\">Entscheidend ist nicht nur der erste Eindruck, sondern auch das Vertrauen in eine sorgf\u00e4ltige Pr\u00e4sentation, eine klare Produktidentit\u00e4t und ein angenehmes Nutzererlebnis.<\/p>\n<p class=\"my-2 [&amp;+p]:mt-4 [&amp;_strong:has(+br)]:inline-block [&amp;_strong:has(+br)]:pb-2\">Wer online einkauft, m\u00f6chte Sicherheit, Transparenz und Produkte entdecken, die sich von gew\u00f6hnlichen Angeboten sichtbar abheben. Genau diese Mischung aus Stil, <strong><a href=\"https:\/\/green.one\/de\/\">Qualit\u00e4t<\/a> <\/strong>und Alltagstauglichkeit schafft einen starken Mehrwert.<\/p>\n<h6 id=\"perfekt-fr-die-abendroutine\" class=\"font-editorial font-bold mb-2 mt-4 [.has-inline-images_&amp;]:clear-end text-lg first:mt-0 md:text-lg [hr+&amp;]:mt-4\">Perfekt f\u00fcr die Abendroutine<\/h6>\n<p class=\"my-2 [&amp;+p]:mt-4 [&amp;_strong:has(+br)]:inline-block [&amp;_strong:has(+br)]:pb-2\">Eine gute Abendroutine lebt von kleinen, bewussten Entscheidungen.\u00a0<strong>Eos Patrone Schlaf <a href=\"https:\/\/green.one\/de\/produkt\/cannabis\/blumen\/\">CBD<\/a> 74%<\/strong>\u00a0kann dabei zu einem festen Bestandteil eines ruhigen Abendrituals werden, wenn du den Tag entspannt ausklingen lassen m\u00f6chtest.<\/p>\n<p class=\"my-2 [&amp;+p]:mt-4 [&amp;_strong:has(+br)]:inline-block [&amp;_strong:has(+br)]:pb-2\">Viele Kundinnen und Kunden suchen nach Produkten, die sich unkompliziert in den Alltag integrieren lassen und gleichzeitig einen hochwertigen Eindruck hinterlassen.<\/p>\n<p class=\"my-2 [&amp;+p]:mt-4 [&amp;_strong:has(+br)]:inline-block [&amp;_strong:has(+br)]:pb-2\">Besonders im Onlinehandel \u00fcberzeugt ein Artikel dann, wenn er nicht nur optisch und inhaltlich stark wirkt, sondern auch emotional anspricht. Ein klares Profil, ein hochwertiger Charakter und ein stimmiger Nutzen machen aus einem Produkt schnell einen echten Favoriten.<\/p>\n<h6 id=\"jetzt-bei-greenone-entdecken\" class=\"font-editorial font-bold mb-2 mt-4 [.has-inline-images_&amp;]:clear-end text-lg first:mt-0 md:text-lg [hr+&amp;]:mt-4\">Jetzt bei <a href=\"https:\/\/green.one\/de\/\">green.one<\/a> entdecken<\/h6>\n<p class=\"my-2 [&amp;+p]:mt-4 [&amp;_strong:has(+br)]:inline-block [&amp;_strong:has(+br)]:pb-2\">Wenn du f\u00fcr deinen Shop einen Artikel suchst, der Aufmerksamkeit erzeugt und zugleich Vertrauen vermittelt, ist\u00a0<strong>Eos Patrone Schlaf CBD 74%<\/strong>\u00a0eine starke Erg\u00e4nzung f\u00fcr ein modernes Sortiment.<\/p>\n<p class=\"my-2 [&amp;+p]:mt-4 [&amp;_strong:has(+br)]:inline-block [&amp;_strong:has(+br)]:pb-2\">Das Produkt steht f\u00fcr <strong><a href=\"https:\/\/green.one\/de\/produkt\/vollspektrum\/\">Qualit\u00e4t<\/a><\/strong>, bewussten Genuss und eine \u00fcberzeugende Pr\u00e4sentation, die zu den Erwartungen anspruchsvoller Kundinnen und Kunden passt.<\/p>\n<p class=\"my-2 [&amp;+p]:mt-4 [&amp;_strong:has(+br)]:inline-block [&amp;_strong:has(+br)]:pb-2\">Gerade im wettbewerbsstarken E-Commerce sind starke Inhalte entscheidend, um Interesse zu wecken und Kaufimpulse auszul\u00f6sen. Mit einem emotionalen, klaren und hochwertigen Auftritt l\u00e4sst sich die Sichtbarkeit verbessern und gleichzeitig ein \u00fcberzeugendes Markenerlebnis schaffen.<\/p>\n<p class=\"my-2 [&amp;+p]:mt-4 [&amp;_strong:has(+br)]:inline-block [&amp;_strong:has(+br)]:pb-2\"><strong>Rechtlicher Hinweis:<\/strong> <em>Dieses Produkt ist kein Arzneimittel. Es ersetzt keine ausgewogene und abwechslungsreiche Ern\u00e4hrung und keinen gesunden Lebensstil. Bei Schwangerschaft, Stillzeit oder wenn du Medikamente einnimmst, konsultiere vor der Verwendung deinen Arzt.<\/em><\/p>\n","protected":false},"excerpt":{"rendered":"<p>Entdecke <strong>Eos Patrone Schlaf CBD 74%<\/strong> f\u00fcr eine entspannte und bewusste Abendroutine. Die hochwertige CBD-Patrone \u00fcberzeugt mit 74% CBD, starker Qualit\u00e4t und einem modernen, komfortablen Anwendungserlebnis. Ideal f\u00fcr alle, die Premium-CBD f\u00fcr ruhige Momente und stilvollen Genuss suchen.<\/p>\n","protected":false},"featured_media":10088,"comment_status":"open","ping_status":"closed","template":"","meta":{"_trash_the_other_posts":false,"editor_notices":[]},"product_brand":[183],"product_cat":[150,152,154,274],"product_tag":[199,200,201,277],"class_list":{"0":"post-9955","1":"product","2":"type-product","3":"status-publish","4":"has-post-thumbnail","6":"product_brand-eos","7":"product_cat-cbd-2","8":"product_cat-e-flussigkeit","9":"product_cat-vaporizer-cbd","10":"product_cat-kartuschen-pods","11":"product_tag-eos-2","12":"product_tag-vape-2","13":"product_tag-e-flussigkeit","14":"product_tag-cartrigepods","16":"first","17":"instock","18":"sale","19":"taxable","20":"shipping-taxable","21":"purchasable","22":"product-type-simple"},"_links":{"self":[{"href":"https:\/\/green.one\/de\/wp-json\/wp\/v2\/product\/9955","targetHints":{"allow":["GET"]}}],"collection":[{"href":"https:\/\/green.one\/de\/wp-json\/wp\/v2\/product"}],"about":[{"href":"https:\/\/green.one\/de\/wp-json\/wp\/v2\/types\/product"}],"replies":[{"embeddable":true,"href":"https:\/\/green.one\/de\/wp-json\/wp\/v2\/comments?post=9955"}],"wp:featuredmedia":[{"embeddable":true,"href":"https:\/\/green.one\/de\/wp-json\/wp\/v2\/media\/10088"}],"wp:attachment":[{"href":"https:\/\/green.one\/de\/wp-json\/wp\/v2\/media?parent=9955"}],"wp:term":[{"taxonomy":"product_brand","embeddable":true,"href":"https:\/\/green.one\/de\/wp-json\/wp\/v2\/product_brand?post=9955"},{"taxonomy":"product_cat","embeddable":true,"href":"https:\/\/green.one\/de\/wp-json\/wp\/v2\/product_cat?post=9955"},{"taxonomy":"product_tag","embeddable":true,"href":"https:\/\/green.one\/de\/wp-json\/wp\/v2\/product_tag?post=9955"}],"curies":[{"name":"wp","href":"https:\/\/api.w.org\/{rel}","templated":true}]}}