{"id":9957,"date":"2025-09-20T20:20:04","date_gmt":"2025-09-20T18:20:04","guid":{"rendered":"https:\/\/green.one\/?post_type=product&#038;p=9957"},"modified":"2026-03-28T14:54:29","modified_gmt":"2026-03-28T12:54:29","slug":"happy-buds-cbd-glueckliche-tangie","status":"publish","type":"product","link":"https:\/\/green.one\/de\/shop\/happy-buds-cbd-glueckliche-tangie\/","title":{"rendered":"Happy Buds CBD Gl\u00fcckliche Tangie"},"content":{"rendered":"<h6 id=\"entdecken-sie-das-sensationelle-geheimnis-von-happ\" class=\"font-editorial font-bold mb-2 mt-4 [.has-inline-images_&amp;]:clear-end text-base first:mt-0\" style=\"text-align: left\">Entdecken Sie das sensationelle Geheimnis von Happy Buds CBD Gl\u00fcckliche Tangie<\/h6>\n<p class=\"my-2 [&amp;+p]:mt-4 [&amp;_strong:has(+br)]:inline-block [&amp;_strong:has(+br)]:pb-2\">Willkommen bei <a href=\"https:\/\/green.one\/de\/\"><strong>green.one<\/strong><\/a>, Ihrem ultimativen Online<strong><a href=\"https:\/\/green.one\/de\/\">shop<\/a><\/strong> f\u00fcr nachhaltige und kompromisslose Premium-Wellness. Wenn Sie Ihren Alltag mit einem erfrischenden und kraftvollen Energieschub bereichern m\u00f6chten, haben wir eine absolut unglaubliche Neuigkeit f\u00fcr Sie.<\/p>\n<p class=\"my-2 [&amp;+p]:mt-4 [&amp;_strong:has(+br)]:inline-block [&amp;_strong:has(+br)]:pb-2\">Unser brandneues Highlight, Happy Buds <a href=\"https:\/\/green.one\/de\/\"><strong>CBD<\/strong><\/a> Gl\u00fcckliche Tangie, bietet Ihnen ein v\u00f6llig faszinierendes und hundertprozentig nat\u00fcrliches Erlebnis.<\/p>\n<p class=\"my-2 [&amp;+p]:mt-4 [&amp;_strong:has(+br)]:inline-block [&amp;_strong:has(+br)]:pb-2\">Tauchen Sie ein in eine Welt voller Lebensfreude und entdecken Sie, wie diese meisterhafte Kreation Ihre Sinne belebt. Es ist an der Zeit, sich selbst das Beste aus der Natur zu g\u00f6nnen und tief durchzuatmen.<\/p>\n<h6 id=\"warum-dieses-exklusive-aroma-einfach-unschlagbar-i\" class=\"font-editorial font-bold mb-2 mt-4 [.has-inline-images_&amp;]:clear-end text-base first:mt-0\">Warum dieses exklusive Aroma einfach unschlagbar ist<\/h6>\n<p class=\"my-2 [&amp;+p]:mt-4 [&amp;_strong:has(+br)]:inline-block [&amp;_strong:has(+br)]:pb-2\">In einer oft hektischen Welt ist es ein absolutes Muss, sich Momente der erfrischenden Klarheit und Ruhe zu schaffen. Die atemberaubende und sorgf\u00e4ltig ausgew\u00e4hlte Kombination aus erstklassigem Cannabidiol und dem unwiderstehlichen, fruchtig-w\u00fcrzigen Zitrus-Aroma ist ein echter Geheimtipp f\u00fcr Kenner.<\/p>\n<p class=\"my-2 [&amp;+p]:mt-4 [&amp;_strong:has(+br)]:inline-block [&amp;_strong:has(+br)]:pb-2\">Genau deshalb ist Happy Buds <strong><a href=\"https:\/\/green.one\/de\/\">CBD<\/a><\/strong> Gl\u00fcckliche Tangie bei unseren anspruchsvollsten Kunden bereits extrem begehrt.<\/p>\n<p class=\"my-2 [&amp;+p]:mt-4 [&amp;_strong:has(+br)]:inline-block [&amp;_strong:has(+br)]:pb-2\">Es liefert nicht nur einen spektakul\u00e4ren Geschmack, sondern unterst\u00fctzt auch Ihre t\u00e4gliche innere Balance auf wundersame Weise. Diese verbl\u00fcffende Harmonie aus Mandarinenfrische und tiefer Entspannung sucht auf dem aktuellen Markt wirklich ihresgleichen.<\/p>\n<h6 id=\"garantiert-reine-naturqualitt-fr-ihr-wohlbefinden\" class=\"font-editorial font-bold mb-2 mt-4 [.has-inline-images_&amp;]:clear-end text-base first:mt-0\">Garantiert reine Naturqualit\u00e4t f\u00fcr Ihr Wohlbefinden<\/h6>\n<p class=\"my-2 [&amp;+p]:mt-4 [&amp;_strong:has(+br)]:inline-block [&amp;_strong:has(+br)]:pb-2\">Wir bei green.one stehen bedingungslos f\u00fcr h\u00f6chste Transparenz, herausragende Qualit\u00e4t und echten, gelebten Umweltschutz.<\/p>\n<p class=\"my-2 [&amp;+p]:mt-4 [&amp;_strong:has(+br)]:inline-block [&amp;_strong:has(+br)]:pb-2\">Der Hanf f\u00fcr unsere Bestseller stammt aus streng kontrolliertem, \u00f6kologischem Anbau, um Ihnen stets das absolut reinste Produkt zu liefern. Sie k\u00f6nnen sich jederzeit sicher sein, dass Happy Buds CBD Gl\u00fcckliche Tangie v\u00f6llig frei von sch\u00e4dlichen Pestiziden, Herbiziden und k\u00fcnstlichen Zus\u00e4tzen ist.<\/p>\n<p class=\"my-2 [&amp;+p]:mt-4 [&amp;_strong:has(+br)]:inline-block [&amp;_strong:has(+br)]:pb-2\">Diese schonende, hochmoderne Verarbeitung garantiert ein makelloses Naturprodukt, das Ihre k\u00fchnsten Erwartungen m\u00fchelos \u00fcbertreffen wird. Vertrauen Sie auf die ungeb\u00e4ndigte und reine Kraft der Natur.<\/p>\n<h6 id=\"sichern-sie-sich-jetzt-ihr-erstaunliches-upgrade-f\" class=\"font-editorial font-bold mb-2 mt-4 [.has-inline-images_&amp;]:clear-end text-base first:mt-0\">Sichern Sie sich jetzt Ihr erstaunliches Upgrade f\u00fcr den Alltag<\/h6>\n<p class=\"my-2 [&amp;+p]:mt-4 [&amp;_strong:has(+br)]:inline-block [&amp;_strong:has(+br)]:pb-2\">Z\u00f6gern Sie nicht l\u00e4nger und verwandeln Sie jeden Tag in ein strahlendes, energiegeladenes Wohlf\u00fchl-Erlebnis.<\/p>\n<p class=\"my-2 [&amp;+p]:mt-4 [&amp;_strong:has(+br)]:inline-block [&amp;_strong:has(+br)]:pb-2\">Die Nachfrage nach solch grandiosen, nat\u00fcrlichen Alternativen explodiert derzeit f\u00f6rmlich, und Sie sollten diesen fantastischen Trend keinesfalls verpassen.<\/p>\n<p class=\"my-2 [&amp;+p]:mt-4 [&amp;_strong:has(+br)]:inline-block [&amp;_strong:has(+br)]:pb-2\">Bestellen Sie noch heute Happy Buds CBD Gl\u00fcckliche Tangie bequem, schnell und absolut sicher online in unserem <strong><a href=\"https:\/\/green.one\/de\/\">Shop<\/a><\/strong>.<\/p>\n<p class=\"my-2 [&amp;+p]:mt-4 [&amp;_strong:has(+br)]:inline-block [&amp;_strong:has(+br)]:pb-2\">G\u00f6nnen Sie Ihrem K\u00f6rper und Geist diesen luxuri\u00f6sen und unvergesslichen Moment der Auszeit. Es war noch nie so einfach, \u00fcberragende Qualit\u00e4t und puren Genuss in das eigene Leben zu integrieren.<\/p>\n<p class=\"my-2 [&amp;+p]:mt-4 [&amp;_strong:has(+br)]:inline-block [&amp;_strong:has(+br)]:pb-2\"><strong>Rechtlicher Hinweis:<\/strong> <em>Dieses Produkt ist kein Arzneimittel. Es ersetzt keine ausgewogene und abwechslungsreiche Ern\u00e4hrung und keinen gesunden Lebensstil. Bei Schwangerschaft, Stillzeit oder wenn du Medikamente einnimmst, konsultiere vor der Verwendung deinen Arzt.<\/em><\/p>\n","protected":false},"excerpt":{"rendered":"<p>Erleben Sie einen unglaublichen Energieschub mit <strong>Happy Buds CBD Gl\u00fcckliche Tangie.<\/strong> Diese exklusive Premium-Mischung kombiniert hochwertiges, rein nat\u00fcrliches Cannabidiol mit dem unwiderstehlichen, fruchtigen Zitrus-Aroma reifer Mandarinen. Es ist der absolute Geheimtipp f\u00fcr alle, die nach einem anstrengenden Tag ultimative Entspannung und gleichzeitig erfrischende Klarheit suchen. Sichern Sie sich jetzt dieses sensationelle Naturprodukt bei green.one und bringen Sie Ihr t\u00e4gliches Wohlbefinden auf ein v\u00f6llig neues Level.<\/p>\n","protected":false},"featured_media":10087,"comment_status":"open","ping_status":"closed","template":"","meta":{"_trash_the_other_posts":false,"editor_notices":[]},"product_brand":[171],"product_cat":[150,152,154,274],"product_tag":[188,200,201,277],"class_list":{"0":"post-9957","1":"product","2":"type-product","3":"status-publish","4":"has-post-thumbnail","6":"product_brand-happy-buds","7":"product_cat-cbd-2","8":"product_cat-e-flussigkeit","9":"product_cat-vaporizer-cbd","10":"product_cat-kartuschen-pods","11":"product_tag-knospen","12":"product_tag-vape-2","13":"product_tag-e-flussigkeit","14":"product_tag-cartrigepods","16":"first","17":"instock","18":"sale","19":"taxable","20":"shipping-taxable","21":"purchasable","22":"product-type-simple"},"_links":{"self":[{"href":"https:\/\/green.one\/de\/wp-json\/wp\/v2\/product\/9957","targetHints":{"allow":["GET"]}}],"collection":[{"href":"https:\/\/green.one\/de\/wp-json\/wp\/v2\/product"}],"about":[{"href":"https:\/\/green.one\/de\/wp-json\/wp\/v2\/types\/product"}],"replies":[{"embeddable":true,"href":"https:\/\/green.one\/de\/wp-json\/wp\/v2\/comments?post=9957"}],"wp:featuredmedia":[{"embeddable":true,"href":"https:\/\/green.one\/de\/wp-json\/wp\/v2\/media\/10087"}],"wp:attachment":[{"href":"https:\/\/green.one\/de\/wp-json\/wp\/v2\/media?parent=9957"}],"wp:term":[{"taxonomy":"product_brand","embeddable":true,"href":"https:\/\/green.one\/de\/wp-json\/wp\/v2\/product_brand?post=9957"},{"taxonomy":"product_cat","embeddable":true,"href":"https:\/\/green.one\/de\/wp-json\/wp\/v2\/product_cat?post=9957"},{"taxonomy":"product_tag","embeddable":true,"href":"https:\/\/green.one\/de\/wp-json\/wp\/v2\/product_tag?post=9957"}],"curies":[{"name":"wp","href":"https:\/\/api.w.org\/{rel}","templated":true}]}}