{"id":9968,"date":"2025-09-20T20:20:04","date_gmt":"2025-09-20T18:20:04","guid":{"rendered":"https:\/\/green.one\/?post_type=product&#038;p=9968"},"modified":"2026-03-28T14:57:45","modified_gmt":"2026-03-28T12:57:45","slug":"happy-buds-cbd-glueckliche-rainbow-sherbet","status":"publish","type":"product","link":"https:\/\/green.one\/de\/shop\/happy-buds-cbd-glueckliche-rainbow-sherbet\/","title":{"rendered":"Happy Buds CBD Gl\u00fcckliche Rainbow Sherbet"},"content":{"rendered":"<h6 id=\"entdecken-sie-das-unglaubliche-geheimnis-von-happy\" class=\"font-editorial font-bold mb-2 mt-4 [.has-inline-images_&amp;]:clear-end text-base first:mt-0\" style=\"text-align: left\">Entdecken Sie das unglaubliche Geheimnis von Happy Buds CBD Gl\u00fcckliche Rainbow Sherbet<\/h6>\n<p class=\"my-2 [&amp;+p]:mt-4 [&amp;_strong:has(+br)]:inline-block [&amp;_strong:has(+br)]:pb-2\">Willkommen bei <a href=\"https:\/\/green.one\/de\/\"><strong>green.one<\/strong><\/a>, Ihrem ultimativen Online<a href=\"https:\/\/green.one\/de\/\"><strong>shop<\/strong><\/a> f\u00fcr nachhaltige und absolut kompromisslose Premium-Wellness. Wenn Sie Ihren Alltag mit einem sensationellen und farbenfrohen Erlebnis bereichern m\u00f6chten, haben wir eine wirklich atemberaubende Neuigkeit f\u00fcr Sie.<\/p>\n<p class=\"my-2 [&amp;+p]:mt-4 [&amp;_strong:has(+br)]:inline-block [&amp;_strong:has(+br)]:pb-2\">Unser brandneues, exklusives Highlight, Happy Buds <strong><a href=\"https:\/\/green.one\/de\/\">CBD<\/a><\/strong> Gl\u00fcckliche Rainbow Sherbet, bietet Ihnen eine v\u00f6llig faszinierende und hundertprozentig nat\u00fcrliche Auszeit.<\/p>\n<p class=\"my-2 [&amp;+p]:mt-4 [&amp;_strong:has(+br)]:inline-block [&amp;_strong:has(+br)]:pb-2\">Tauchen Sie ein in eine Welt voller Genuss und entdecken Sie, wie diese meisterhafte Kreation Ihre Sinne belebt. Es ist an der Zeit, sich selbst das Beste aus der Natur zu g\u00f6nnen und den Stress m\u00fchelos hinter sich zu lassen.<\/p>\n<h6 id=\"warum-dieses-fruchtige-aroma-absolut-unschlagbar-i\" class=\"font-editorial font-bold mb-2 mt-4 [.has-inline-images_&amp;]:clear-end text-base first:mt-0\">Warum dieses fruchtige Aroma absolut unschlagbar ist<\/h6>\n<p class=\"my-2 [&amp;+p]:mt-4 [&amp;_strong:has(+br)]:inline-block [&amp;_strong:has(+br)]:pb-2\">In unserer oft hektischen Welt ist es ein absolutes Muss, sich Momente der erfrischenden Klarheit und s\u00fc\u00dfen Entspannung zu schaffen.<\/p>\n<p class=\"my-2 [&amp;+p]:mt-4 [&amp;_strong:has(+br)]:inline-block [&amp;_strong:has(+br)]:pb-2\">Die spektakul\u00e4re und sorgf\u00e4ltig ausgew\u00e4hlte Kombination aus erstklassigem <strong><a href=\"https:\/\/green.one\/de\/produkt\/cbd\/oel\/\">Cannabidiol<\/a> <\/strong>und dem unwiderstehlichen, fruchtig-s\u00fc\u00dfen Dessert-Aroma ist ein echter Geheimtipp.<\/p>\n<p class=\"my-2 [&amp;+p]:mt-4 [&amp;_strong:has(+br)]:inline-block [&amp;_strong:has(+br)]:pb-2\">Genau deshalb ist Happy Buds <a href=\"https:\/\/green.one\/de\/produkt\/cbd\/oel\/\"><strong>CBD<\/strong><\/a> Gl\u00fcckliche Rainbow Sherbet bei unseren anspruchsvollsten Kennern bereits extrem begehrt. Es liefert nicht nur einen fantastischen Geschmack, sondern unterst\u00fctzt auch Ihre t\u00e4gliche innere Balance auf wundersame Weise.<\/p>\n<p class=\"my-2 [&amp;+p]:mt-4 [&amp;_strong:has(+br)]:inline-block [&amp;_strong:has(+br)]:pb-2\">Diese verbl\u00fcffende Harmonie aus s\u00fc\u00dfen Beeren-, Zitrusnoten und tiefer Entspannung sucht auf dem aktuellen Markt wirklich ihresgleichen.<\/p>\n<h6 id=\"garantiert-reine-naturqualitt-fr-ihr-tgliches-wohl\" class=\"font-editorial font-bold mb-2 mt-4 [.has-inline-images_&amp;]:clear-end text-base first:mt-0\">Garantiert reine Naturqualit\u00e4t f\u00fcr Ihr t\u00e4gliches Wohlbefinden<\/h6>\n<p class=\"my-2 [&amp;+p]:mt-4 [&amp;_strong:has(+br)]:inline-block [&amp;_strong:has(+br)]:pb-2\">Wir bei green.one stehen bedingungslos f\u00fcr h\u00f6chste Transparenz, herausragende Qualit\u00e4t und echten, gelebten Umweltschutz. Der Hanf f\u00fcr unsere Bestseller stammt aus streng kontrolliertem, \u00f6kologischem Anbau, um Ihnen stets das absolut reinste Naturprodukt zu liefern.<\/p>\n<p class=\"my-2 [&amp;+p]:mt-4 [&amp;_strong:has(+br)]:inline-block [&amp;_strong:has(+br)]:pb-2\">Sie k\u00f6nnen sich jederzeit sicher sein, dass Happy Buds <strong><a href=\"https:\/\/green.one\/de\/produkt\/cannabis\/blumen\/\">CBD<\/a><\/strong> Gl\u00fcckliche Rainbow Sherbet v\u00f6llig frei von sch\u00e4dlichen Pestiziden, gef\u00e4hrlichen Herbiziden und k\u00fcnstlichen Zus\u00e4tzen ist.<\/p>\n<p class=\"my-2 [&amp;+p]:mt-4 [&amp;_strong:has(+br)]:inline-block [&amp;_strong:has(+br)]:pb-2\">Diese schonende, hochmoderne Verarbeitung garantiert ein makelloses Erlebnis, das Ihre k\u00fchnsten Erwartungen \u00fcbertreffen wird. Vertrauen Sie auf die ungeb\u00e4ndigte und reine Kraft der Pflanze.<\/p>\n<h6 id=\"ihre-fantastischen-vorteile-auf-einen-blick\" class=\"font-editorial font-bold mb-2 mt-4 [.has-inline-images_&amp;]:clear-end text-base first:mt-0\">Ihre fantastischen Vorteile auf einen Blick<\/h6>\n<p class=\"my-2 [&amp;+p]:mt-4 [&amp;_strong:has(+br)]:inline-block [&amp;_strong:has(+br)]:pb-2\">Dieses au\u00dfergew\u00f6hnliche Produkt bietet Ihnen nicht nur einen k\u00f6stlichen Geschmack, sondern auch sp\u00fcrbare Mehrwerte f\u00fcr Ihre Wohlf\u00fchl-Routine. Profitieren Sie von diesen unglaublichen Eigenschaften:<\/p>\n<ul class=\"marker:text-quiet list-disc\">\n<li class=\"py-0 my-0 prose-p:pt-0 prose-p:mb-2 prose-p:my-0 [&amp;&gt;p]:pt-0 [&amp;&gt;p]:mb-2 [&amp;&gt;p]:my-0\">\n<p class=\"my-2 [&amp;+p]:mt-4 [&amp;_strong:has(+br)]:inline-block [&amp;_strong:has(+br)]:pb-2\">Vollkommen nat\u00fcrliche Inhaltsstoffe aus zertifiziertem, nachhaltigem Anbau.<\/p>\n<\/li>\n<li class=\"py-0 my-0 prose-p:pt-0 prose-p:mb-2 prose-p:my-0 [&amp;&gt;p]:pt-0 [&amp;&gt;p]:mb-2 [&amp;&gt;p]:my-0\">\n<p class=\"my-2 [&amp;+p]:mt-4 [&amp;_strong:has(+br)]:inline-block [&amp;_strong:has(+br)]:pb-2\">Sensationelles Dessert-Aroma f\u00fcr ein unvergleichliches und s\u00fc\u00dfes Geschmackserlebnis.<\/p>\n<\/li>\n<li class=\"py-0 my-0 prose-p:pt-0 prose-p:mb-2 prose-p:my-0 [&amp;&gt;p]:pt-0 [&amp;&gt;p]:mb-2 [&amp;&gt;p]:my-0\">\n<p class=\"my-2 [&amp;+p]:mt-4 [&amp;_strong:has(+br)]:inline-block [&amp;_strong:has(+br)]:pb-2\">Kraftvolle Unterst\u00fctzung f\u00fcr eine tiefe, entspannende Auszeit nach einem stressigen Tag.<\/p>\n<\/li>\n<li class=\"py-0 my-0 prose-p:pt-0 prose-p:mb-2 prose-p:my-0 [&amp;&gt;p]:pt-0 [&amp;&gt;p]:mb-2 [&amp;&gt;p]:my-0\">\n<p class=\"my-2 [&amp;+p]:mt-4 [&amp;_strong:has(+br)]:inline-block [&amp;_strong:has(+br)]:pb-2\">H\u00f6chste Reinheit ohne jegliche chemische oder k\u00fcnstliche Zus\u00e4tze.<\/p>\n<\/li>\n<\/ul>\n<h6 id=\"sichern-sie-sich-jetzt-ihr-erstaunliches-upgrade\" class=\"font-editorial font-bold mb-2 mt-4 [.has-inline-images_&amp;]:clear-end text-base first:mt-0\">Sichern Sie sich jetzt Ihr erstaunliches Upgrade<\/h6>\n<p class=\"my-2 [&amp;+p]:mt-4 [&amp;_strong:has(+br)]:inline-block [&amp;_strong:has(+br)]:pb-2\">Z\u00f6gern Sie nicht l\u00e4nger und verwandeln Sie jeden Tag in ein strahlendes, energiegeladenes Wohlf\u00fchl-Erlebnis. Die Nachfrage nach solch grandiosen, nat\u00fcrlichen Alternativen explodiert derzeit f\u00f6rmlich, und Sie sollten diesen fantastischen Trend auf keinen Fall verpassen.<\/p>\n<p class=\"my-2 [&amp;+p]:mt-4 [&amp;_strong:has(+br)]:inline-block [&amp;_strong:has(+br)]:pb-2\">Bestellen Sie noch heute Happy Buds CBD Gl\u00fcckliche Rainbow Sherbet bequem, blitzschnell und absolut sicher online in unserem <strong><a href=\"https:\/\/green.one\/de\/produkt\/cannabis\/blumen\/\">Shop<\/a><\/strong>.<\/p>\n<p class=\"my-2 [&amp;+p]:mt-4 [&amp;_strong:has(+br)]:inline-block [&amp;_strong:has(+br)]:pb-2\">G\u00f6nnen Sie Ihrem K\u00f6rper und Geist diesen luxuri\u00f6sen und unvergesslichen Moment der puren Freude. Es war noch nie so einfach, \u00fcberragende Qualit\u00e4t und unverf\u00e4lschten Genuss direkt in das eigene Leben zu integrieren.<\/p>\n<p class=\"my-2 [&amp;+p]:mt-4 [&amp;_strong:has(+br)]:inline-block [&amp;_strong:has(+br)]:pb-2\"><strong>Rechtlicher Hinweis:<\/strong> <em>Dieses Produkt ist kein Arzneimittel. Es ersetzt keine ausgewogene und abwechslungsreiche Ern\u00e4hrung und keinen gesunden Lebensstil. Bei Schwangerschaft, Stillzeit oder wenn du Medikamente einnimmst, konsultiere vor der Verwendung deinen Arzt.<\/em><\/p>\n","protected":false},"excerpt":{"rendered":"<p>G\u00f6nnen Sie sich eine unglaubliche Auszeit mit <strong>Happy Buds CBD Gl\u00fcckliche Rainbow Sherbet<\/strong>. Diese exklusive und vollkommen nat\u00fcrliche Premium-Mischung verf\u00fchrt Ihre Sinne mit einem sensationellen, fruchtig-s\u00fc\u00dfen Dessert-Aroma. Es ist der absolute Geheimtipp f\u00fcr alle, die nach einem stressigen Tag ultimative Entspannung und pure Lebensfreude suchen. Sichern Sie sich jetzt dieses fantastische Naturprodukt bei green.one und heben Sie Ihr t\u00e4gliches Wohlbefinden auf ein v\u00f6llig neues Level<\/p>\n","protected":false},"featured_media":10114,"comment_status":"open","ping_status":"closed","template":"","meta":{"_trash_the_other_posts":false,"editor_notices":[]},"product_brand":[171],"product_cat":[150,152,154,274],"product_tag":[188,200,201,277],"class_list":{"0":"post-9968","1":"product","2":"type-product","3":"status-publish","4":"has-post-thumbnail","6":"product_brand-happy-buds","7":"product_cat-cbd-2","8":"product_cat-e-flussigkeit","9":"product_cat-vaporizer-cbd","10":"product_cat-kartuschen-pods","11":"product_tag-knospen","12":"product_tag-vape-2","13":"product_tag-e-flussigkeit","14":"product_tag-cartrigepods","16":"first","17":"instock","18":"sale","19":"taxable","20":"shipping-taxable","21":"purchasable","22":"product-type-simple"},"_links":{"self":[{"href":"https:\/\/green.one\/de\/wp-json\/wp\/v2\/product\/9968","targetHints":{"allow":["GET"]}}],"collection":[{"href":"https:\/\/green.one\/de\/wp-json\/wp\/v2\/product"}],"about":[{"href":"https:\/\/green.one\/de\/wp-json\/wp\/v2\/types\/product"}],"replies":[{"embeddable":true,"href":"https:\/\/green.one\/de\/wp-json\/wp\/v2\/comments?post=9968"}],"wp:featuredmedia":[{"embeddable":true,"href":"https:\/\/green.one\/de\/wp-json\/wp\/v2\/media\/10114"}],"wp:attachment":[{"href":"https:\/\/green.one\/de\/wp-json\/wp\/v2\/media?parent=9968"}],"wp:term":[{"taxonomy":"product_brand","embeddable":true,"href":"https:\/\/green.one\/de\/wp-json\/wp\/v2\/product_brand?post=9968"},{"taxonomy":"product_cat","embeddable":true,"href":"https:\/\/green.one\/de\/wp-json\/wp\/v2\/product_cat?post=9968"},{"taxonomy":"product_tag","embeddable":true,"href":"https:\/\/green.one\/de\/wp-json\/wp\/v2\/product_tag?post=9968"}],"curies":[{"name":"wp","href":"https:\/\/api.w.org\/{rel}","templated":true}]}}