{"id":9972,"date":"2022-08-24T11:22:12","date_gmt":"2022-08-24T09:22:12","guid":{"rendered":"https:\/\/green.one\/?post_type=product&#038;p=9972"},"modified":"2026-03-31T18:15:07","modified_gmt":"2026-03-31T16:15:07","slug":"vitadol-cbd-oel-10-gold","status":"publish","type":"product","link":"https:\/\/green.one\/de\/shop\/vitadol-cbd-oel-10-gold\/","title":{"rendered":"Vitadol CBD \u00d6l 10% Gold"},"content":{"rendered":"<h6>Vitadol <a href=\"https:\/\/green.one\/de\/\">CBD \u00d6l<\/a> 10% Gold: Entdecke das reine,\u00a0<strong>wertvolle<\/strong>\u00a0<a href=\"https:\/\/green.one\/de\/produkt\/vollspektrum\/\">Vollspektrum-\u00d6l<\/a> f\u00fcr deinen Alltag<\/h6>\n<h6 id=\"was-macht-dieses-cbd-l-besonders\" class=\"font-editorial font-bold mb-2 mt-4 [.has-inline-images_&amp;]:clear-end text-lg first:mt-0 md:text-lg [hr+&amp;]:mt-4\">Was macht dieses <a href=\"https:\/\/green.one\/de\/produkt\/cbd\/oel\/\">CBD-\u00d6l<\/a> besonders?<\/h6>\n<p class=\"my-2 [&amp;+p]:mt-4 [&amp;_strong:has(+br)]:inline-block [&amp;_strong:has(+br)]:pb-2\"><strong>Vitadol <a href=\"https:\/\/green.one\/de\/produkt\/cbd\/oel\/\">CBD \u00d6l<\/a> 10% Gold<\/strong>\u00a0ist ein <a href=\"https:\/\/green.one\/de\/produkt\/vollspektrum\/\"><strong>Vollspektrum<\/strong><\/a>-Hanfextrakt auf Basis von Bio-Hanfsamen\u00f6l und wurde besonders schonend extrahiert, damit neben CBD auch CBG und nat\u00fcrliche <a href=\"https:\/\/green.one\/de\/produkt\/cbd\/oel\/\"><strong>Terpene<\/strong><\/a> erhalten bleiben. Pro 10-ml-Flasche enth\u00e4lt das \u00d6l 1.000 mg <a href=\"https:\/\/green.one\/de\/\">CBD<\/a>, rund 330 Tropfen und etwa 3 mg CBD pro Tropfen, was eine einfache und pr\u00e4zise Dosierung im Alltag erm\u00f6glicht.<\/p>\n<p class=\"my-2 [&amp;+p]:mt-4 [&amp;_strong:has(+br)]:inline-block [&amp;_strong:has(+br)]:pb-2\">Durch die mehrfache Veredelung \u00fcberzeugt es zudem mit einem vollen und gleichzeitig angenehm milden Geschmack.<span class=\"inline-flex\" aria-label=\"VITADOL GOLD 10% - Bio - Vegan\" data-state=\"closed\">\u200b<\/span><\/p>\n<h6 id=\"technische-daten-im-berblick\" class=\"font-editorial font-bold mb-2 mt-4 [.has-inline-images_&amp;]:clear-end text-lg first:mt-0 md:text-lg [hr+&amp;]:mt-4\">Technische Daten im \u00dcberblick<\/h6>\n<p class=\"my-2 [&amp;+p]:mt-4 [&amp;_strong:has(+br)]:inline-block [&amp;_strong:has(+br)]:pb-2\"><strong>Vitadol <a href=\"https:\/\/green.one\/de\/produkt\/vollspektrum\/\">CBD \u00d6l<\/a> 10% Gold<\/strong>\u00a0liefert zus\u00e4tzlich 30 mg CBG und enth\u00e4lt praktisch kein THC; auf der Produktseite werden 0,005% THC genannt.<\/p>\n<p class=\"my-2 [&amp;+p]:mt-4 [&amp;_strong:has(+br)]:inline-block [&amp;_strong:has(+br)]:pb-2\">Geliefert wird das \u00d6l in einer UV-abweisenden Glasflasche mit Pipette, damit Qualit\u00e4t und Dosierbarkeit bestm\u00f6glich erhalten bleiben.<\/p>\n<p class=\"my-2 [&amp;+p]:mt-4 [&amp;_strong:has(+br)]:inline-block [&amp;_strong:has(+br)]:pb-2\">Das Produkt wird au\u00dferdem als bio und vegan beschrieben, was es f\u00fcr eine bewusste, pflanzenbasierte Routine besonders attraktiv macht.<span class=\"inline-flex\" aria-label=\"VITADOL GOLD 10% - Bio - Vegan\" data-state=\"closed\">\u200b<\/span><\/p>\n<h6 id=\"wofr-eignet-sich-das-produkt\" class=\"font-editorial font-bold mb-2 mt-4 [.has-inline-images_&amp;]:clear-end text-lg first:mt-0 md:text-lg [hr+&amp;]:mt-4\">Wof\u00fcr eignet sich das Produkt?<\/h6>\n<p class=\"my-2 [&amp;+p]:mt-4 [&amp;_strong:has(+br)]:inline-block [&amp;_strong:has(+br)]:pb-2\"><strong>Vitadol <a href=\"https:\/\/green.one\/product\/broad-spectrum\/\">CBD \u00d6l<\/a> 10% Gold<\/strong>\u00a0ist als Nahrungserg\u00e4nzung f\u00fcr Menschen interessant, die ein hochwertiges <a href=\"https:\/\/green.one\/de\/produkt\/cbd\/oel\/\"><strong>Vollspektrum-\u00d6l<\/strong> <\/a>mit klarer Zusammensetzung und mildem Geschmack in ihre t\u00e4gliche Routine integrieren m\u00f6chten.<\/p>\n<p class=\"my-2 [&amp;+p]:mt-4 [&amp;_strong:has(+br)]:inline-block [&amp;_strong:has(+br)]:pb-2\">Die Kombination aus CBD, CBG und Terpenen wird von vielen Anwendern gesch\u00e4tzt, wenn sie Wert auf ein m\u00f6glichst vollst\u00e4ndiges Hanfprofil legen.<\/p>\n<p class=\"my-2 [&amp;+p]:mt-4 [&amp;_strong:has(+br)]:inline-block [&amp;_strong:has(+br)]:pb-2\">Dank der Pipette l\u00e4sst sich die gew\u00fcnschte Tropfenmenge unkompliziert und sauber anwenden, was gerade im Alltag ein praktischer Vorteil ist.<\/p>\n<h6 id=\"qualitt-und-spezifische-merkmale\" class=\"font-editorial font-bold mb-2 mt-4 [.has-inline-images_&amp;]:clear-end text-lg first:mt-0 md:text-lg [hr+&amp;]:mt-4\">Qualit\u00e4t und spezifische Merkmale<\/h6>\n<p class=\"my-2 [&amp;+p]:mt-4 [&amp;_strong:has(+br)]:inline-block [&amp;_strong:has(+br)]:pb-2\">Ein starkes Detail ist die unabh\u00e4ngige Laborpr\u00fcfung: Das \u00d6l wurde laut Hersteller von einem ISO-akkreditierten Labor untersucht, das auf dopingrelevante Substanzen spezialisiert ist.<\/p>\n<p class=\"my-2 [&amp;+p]:mt-4 [&amp;_strong:has(+br)]:inline-block [&amp;_strong:has(+br)]:pb-2\">Dabei konnten unter 286 getesteten Substanzen, darunter Stoffe aus der WADA-Liste, keine nachgewiesen werden, weshalb sich\u00a0<strong>Vitadol CBD \u00d6l 10% Gold<\/strong>\u00a0auch f\u00fcr sportlich aktive Menschen interessant pr\u00e4sentiert.<\/p>\n<p class=\"my-2 [&amp;+p]:mt-4 [&amp;_strong:has(+br)]:inline-block [&amp;_strong:has(+br)]:pb-2\">Hinzu kommen nat\u00fcrliche Inhaltsstoffe ohne unn\u00f6tig komplizierte Rezeptur, eine goldene Farbe und die charakteristische Verbindung aus milder Note, Vollspektrum-Profil und sorgf\u00e4ltiger Herstellung.<\/p>\n<h6 id=\"fr-einen-bewussten-einkauf\" class=\"font-editorial font-bold mb-2 mt-4 [.has-inline-images_&amp;]:clear-end text-lg first:mt-0 md:text-lg [hr+&amp;]:mt-4\">F\u00fcr einen bewussten Einkauf<\/h6>\n<p class=\"my-2 [&amp;+p]:mt-4 [&amp;_strong:has(+br)]:inline-block [&amp;_strong:has(+br)]:pb-2\">Wer ein <a href=\"https:\/\/green.one\/product\/broad-spectrum\/\">CBD-\u00d6l<\/a> mit klaren technischen Angaben, Bio-Hanfsamen\u00f6l als Tr\u00e4ger und einem breiten Cannabinoid-Profil sucht, findet in\u00a0<strong>Vitadol CBD \u00d6l 10% Gold<\/strong>\u00a0eine durchdachte Option f\u00fcr den t\u00e4glichen Gebrauch.<\/p>\n<p class=\"my-2 [&amp;+p]:mt-4 [&amp;_strong:has(+br)]:inline-block [&amp;_strong:has(+br)]:pb-2\">Besonders \u00fcberzeugend sind die genaue Tropfenangabe, das zus\u00e4tzliche CBG, die enthaltenen Terpene und die hochwertige Flasche mit Pipette. So entsteht ein Produkt, das Qualit\u00e4t, Alltagstauglichkeit und eine angenehm milde Anwendung sinnvoll verbindet.<\/p>\n<p>green.one\u00ae <a href=\"https:\/\/green.one\/de\/\">CBD \u00d6l Shop<\/a> ist ein deutsches Premium-Online-Gesch\u00e4ft das eine breite Auswahl an hochwertigen <a href=\"https:\/\/green.one\/de\/produkt\/cbd-fuer-haustiere\/\">CBD-Produkten<\/a> f\u00fcr ganz Europa anbietet.<\/p>\n<p class=\"my-2 [&amp;+p]:mt-4 [&amp;_strong:has(+br)]:inline-block [&amp;_strong:has(+br)]:pb-2\"><strong>Rechtlicher Hinweis:<\/strong> <em>Dieses Produkt ist kein Arzneimittel. Es ersetzt keine ausgewogene und abwechslungsreiche Ern\u00e4hrung und keinen gesunden Lebensstil. Bei Schwangerschaft, Stillzeit oder wenn du Medikamente einnimmst, konsultiere vor der Verwendung deinen Arzt.<\/em><\/p>\n","protected":false},"excerpt":{"rendered":"<p class=\"my-2 [&amp;+p]:mt-4 [&amp;_strong:has(+br)]:inline-block [&amp;_strong:has(+br)]:pb-2\"><strong>Vitadol CBD \u00d6l 10% Gold<\/strong>\u00a0ist ein hochwertiges Vollspektrum-\u00d6l mit 1.000 mg CBD pro 10-ml-Flasche, hergestellt auf Basis von Bio-Hanfsamen\u00f6l und geeignet f\u00fcr eine bewusste t\u00e4gliche Routine.<span class=\"inline-flex\" aria-label=\"VITADOL GOLD 10% - Bio - Vegan\" data-state=\"closed\">\u200b<\/span><br \/>\nDie schonende Extraktion bewahrt neben CBD auch CBG und nat\u00fcrliche Terpene, w\u00e4hrend die Pipette eine einfache und pr\u00e4zise Dosierung erm\u00f6glicht.<span class=\"inline-flex\" aria-label=\"VITADOL GOLD 10% - Bio - Vegan\" data-state=\"closed\">\u200b<\/span><\/p>\n","protected":false},"featured_media":10116,"comment_status":"open","ping_status":"closed","template":"","meta":{"_trash_the_other_posts":false,"editor_notices":[]},"product_brand":[182],"product_cat":[150,151,241,264],"product_tag":[209,253,258,279],"class_list":{"0":"post-9972","1":"product","2":"type-product","3":"status-publish","4":"has-post-thumbnail","6":"product_brand-vitadol","7":"product_cat-cbd-2","8":"product_cat-oel","9":"product_cat-cbd-oel-10-prozent","10":"product_cat-vollspektrum","11":"product_tag-vitadol-2","12":"product_tag-cbd","13":"product_tag-oil-10","14":"product_tag-full-spectrum","16":"first","17":"instock","18":"sale","19":"taxable","20":"shipping-taxable","21":"purchasable","22":"product-type-simple"},"_links":{"self":[{"href":"https:\/\/green.one\/de\/wp-json\/wp\/v2\/product\/9972","targetHints":{"allow":["GET"]}}],"collection":[{"href":"https:\/\/green.one\/de\/wp-json\/wp\/v2\/product"}],"about":[{"href":"https:\/\/green.one\/de\/wp-json\/wp\/v2\/types\/product"}],"replies":[{"embeddable":true,"href":"https:\/\/green.one\/de\/wp-json\/wp\/v2\/comments?post=9972"}],"wp:featuredmedia":[{"embeddable":true,"href":"https:\/\/green.one\/de\/wp-json\/wp\/v2\/media\/10116"}],"wp:attachment":[{"href":"https:\/\/green.one\/de\/wp-json\/wp\/v2\/media?parent=9972"}],"wp:term":[{"taxonomy":"product_brand","embeddable":true,"href":"https:\/\/green.one\/de\/wp-json\/wp\/v2\/product_brand?post=9972"},{"taxonomy":"product_cat","embeddable":true,"href":"https:\/\/green.one\/de\/wp-json\/wp\/v2\/product_cat?post=9972"},{"taxonomy":"product_tag","embeddable":true,"href":"https:\/\/green.one\/de\/wp-json\/wp\/v2\/product_tag?post=9972"}],"curies":[{"name":"wp","href":"https:\/\/api.w.org\/{rel}","templated":true}]}}