{"id":9974,"date":"2024-09-24T09:49:12","date_gmt":"2024-09-24T07:49:12","guid":{"rendered":"https:\/\/green.one\/?post_type=product&#038;p=9974"},"modified":"2026-03-28T15:29:04","modified_gmt":"2026-03-28T13:29:04","slug":"enecta-cbd-cannabidiol-lippenbalsam","status":"publish","type":"product","link":"https:\/\/green.one\/de\/shop\/enecta-cbd-cannabidiol-lippenbalsam\/","title":{"rendered":"Enecta CBD Cannabidiol Lippenbalsam"},"content":{"rendered":"<h6 id=\"entdecke-intensive-pflege-fr-trockene-lippen\" class=\"font-editorial font-bold mb-2 mt-4 [.has-inline-images_&amp;]:clear-end text-lg first:mt-0 md:text-lg [hr+&amp;]:mt-4\" style=\"text-align: left\"><strong>Enecta <a href=\"https:\/\/green.one\/de\/\">CBD<\/a> Cannabidiol Lippenbalsam: <\/strong>Entdecke intensive Pflege f\u00fcr trockene Lippen<\/h6>\n<p class=\"my-2 [&amp;+p]:mt-4 [&amp;_strong:has(+br)]:inline-block [&amp;_strong:has(+br)]:pb-2\">Trockene, raue oder beanspruchte Lippen brauchen jeden Tag besondere Aufmerksamkeit. Wer sich eine sanfte, zuverl\u00e4ssige und hochwertige<a href=\"https:\/\/green.one\/de\/produkt\/spezialisiert\/kosmetik\/\"><strong> Pflege<\/strong><\/a> w\u00fcnscht, achtet nicht nur auf ein angenehmes Gef\u00fchl, sondern auch auf ausgew\u00e4hlte Inhaltsstoffe und eine \u00fcberzeugende Qualit\u00e4t.<\/p>\n<p class=\"my-2 [&amp;+p]:mt-4 [&amp;_strong:has(+br)]:inline-block [&amp;_strong:has(+br)]:pb-2\">Genau hier setzt\u00a0<strong>Enecta <a href=\"https:\/\/green.one\/de\/\">CBD<\/a> Cannabidiol Lippenbalsam<\/strong>\u00a0an. Dieses besondere Produkt verbindet moderne Lippenpflege mit einem bewussten Lebensstil und passt ideal zu Menschen, die nat\u00fcrliche Kosmetik und ein gepflegtes Hautgef\u00fchl sch\u00e4tzen.<\/p>\n<p class=\"my-2 [&amp;+p]:mt-4 [&amp;_strong:has(+br)]:inline-block [&amp;_strong:has(+br)]:pb-2\">Gerade im Alltag, bei Wind, K\u00e4lte oder trockener Luft, ist ein guter Lippenbalsam ein kleiner, aber sp\u00fcrbarer Unterschied. Er schenkt den Lippen Schutz, Geschmeidigkeit und ein angenehmes Gef\u00fchl bei jeder Anwendung.<\/p>\n<h6 id=\"warum-enecta-cbd-cannabidiol-lippenbalsam-so-beson\" class=\"font-editorial font-bold mb-2 mt-4 [.has-inline-images_&amp;]:clear-end text-lg first:mt-0 md:text-lg [hr+&amp;]:mt-4\">Warum Enecta <a href=\"https:\/\/green.one\/de\/produkt\/cbd\/oel\/\">CBD<\/a> Cannabidiol Lippenbalsam so besonders ist<\/h6>\n<p class=\"my-2 [&amp;+p]:mt-4 [&amp;_strong:has(+br)]:inline-block [&amp;_strong:has(+br)]:pb-2\">Nicht jeder Lippenbalsam \u00fcberzeugt durch Komfort, Pflege und ein rundum angenehmes Anwendungserlebnis. Viele Verbraucherinnen und Verbraucher suchen heute nach Produkten, die nicht nur praktisch sind, sondern auch hochwertig wirken und sich perfekt in die t\u00e4gliche Routine einf\u00fcgen.<\/p>\n<p class=\"my-2 [&amp;+p]:mt-4 [&amp;_strong:has(+br)]:inline-block [&amp;_strong:has(+br)]:pb-2\">Genau das macht dieses Produkt so attraktiv. Die Formel ist auf sanfte <strong><a href=\"https:\/\/green.one\/de\/produkt\/spezialisiert\/kosmetik\/\">Pflege<\/a><\/strong> ausgerichtet und eignet sich ideal f\u00fcr alle, die ihren Lippen einen geschmeidigen, gepflegten und frischen Look schenken m\u00f6chten. Ein hochwertiger <strong><a href=\"https:\/\/green.one\/de\/produkt\/spezialisiert\/kosmetik\/\">Lippenbalsam<\/a> <\/strong>ist dabei weit mehr als nur ein kleines Accessoire f\u00fcr die Tasche, denn er kann ein echter Lieblingsbegleiter f\u00fcr jeden Tag werden.<\/p>\n<h6 id=\"hochwertige-pflege-fr-jeden-tag\" class=\"font-editorial font-bold mb-2 mt-4 [.has-inline-images_&amp;]:clear-end text-lg first:mt-0 md:text-lg [hr+&amp;]:mt-4\">Hochwertige Pflege f\u00fcr jeden Tag<\/h6>\n<p class=\"my-2 [&amp;+p]:mt-4 [&amp;_strong:has(+br)]:inline-block [&amp;_strong:has(+br)]:pb-2\">Bei green.one stehen Produkte im Mittelpunkt, die Qualit\u00e4t, Nat\u00fcrlichkeit und ein modernes Pflegegef\u00fchl verbinden.\u00a0<strong>Enecta CBD Cannabidiol Lippenbalsam<\/strong>\u00a0ist deshalb eine hervorragende Wahl f\u00fcr alle, die ihren Alltag mit einer zuverl\u00e4ssigen und stilvollen <strong><a href=\"https:\/\/green.one\/de\/produkt\/spezialisiert\/kosmetik\/\">Lippenpflege<\/a><\/strong> bereichern m\u00f6chten.<\/p>\n<p class=\"my-2 [&amp;+p]:mt-4 [&amp;_strong:has(+br)]:inline-block [&amp;_strong:has(+br)]:pb-2\">Die angenehme Anwendung macht das Produkt besonders alltagstauglich, egal ob morgens unterwegs, im B\u00fcro, nach dem Sport oder abends zu Hause.<\/p>\n<p class=\"my-2 [&amp;+p]:mt-4 [&amp;_strong:has(+br)]:inline-block [&amp;_strong:has(+br)]:pb-2\">Wer einmal eine wirklich geschmeidige <strong><a href=\"https:\/\/green.one\/de\/produkt\/spezialisiert\/kosmetik\/\">Pflege<\/a><\/strong> erlebt hat, m\u00f6chte auf dieses frische und beruhigende Gef\u00fchl nur ungern verzichten. Genau deshalb gewinnt eine bewusste Auswahl im Bereich Kosmetik immer mehr an Bedeutung.<\/p>\n<h6 id=\"sanft-praktisch-und-berzeugend\" class=\"font-editorial font-bold mb-2 mt-4 [.has-inline-images_&amp;]:clear-end text-lg first:mt-0 md:text-lg [hr+&amp;]:mt-4\">Sanft, praktisch und \u00fcberzeugend<\/h6>\n<p class=\"my-2 [&amp;+p]:mt-4 [&amp;_strong:has(+br)]:inline-block [&amp;_strong:has(+br)]:pb-2\">Gute Lippenpflege sollte einfach, wirksam und angenehm sein.\u00a0<strong>Enecta CBD Cannabidiol Lippenbalsam<\/strong>\u00a0passt perfekt zu einer t\u00e4glichen Beauty-Routine, in der Komfort und Qualit\u00e4t im Vordergrund stehen. Das Produkt l\u00e4sst sich schnell anwenden, f\u00fchlt sich angenehm auf den Lippen an und unterst\u00fctzt ein gepflegtes Erscheinungsbild in jeder Jahreszeit.<\/p>\n<p class=\"my-2 [&amp;+p]:mt-4 [&amp;_strong:has(+br)]:inline-block [&amp;_strong:has(+br)]:pb-2\">Besonders in stressigen Momenten ist es ein beruhigendes Gef\u00fchl, ein Produkt bei sich zu haben, das sofort f\u00fcr mehr Wohlbefinden sorgt. So wird aus einer kleinen Anwendung ein sp\u00fcrbarer Pflegemoment mit echtem Mehrwert.<\/p>\n<h6 id=\"jetzt-bei-greenone-entdecken\" class=\"font-editorial font-bold mb-2 mt-4 [.has-inline-images_&amp;]:clear-end text-lg first:mt-0 md:text-lg [hr+&amp;]:mt-4\">Jetzt bei <a href=\"https:\/\/green.one\/de\/\">green.one<\/a> entdecken<\/h6>\n<p class=\"my-2 [&amp;+p]:mt-4 [&amp;_strong:has(+br)]:inline-block [&amp;_strong:has(+br)]:pb-2\">Ein \u00fcberzeugender Online-Shop lebt von Produkten, die Aufmerksamkeit wecken und Vertrauen schaffen.\u00a0<strong>Enecta CBD Cannabidiol Lippenbalsam<\/strong>\u00a0ist eine starke Erg\u00e4nzung f\u00fcr ein modernes Sortiment, das auf Qualit\u00e4t, Pflege und ein positives Kundenerlebnis setzt.<\/p>\n<p class=\"my-2 [&amp;+p]:mt-4 [&amp;_strong:has(+br)]:inline-block [&amp;_strong:has(+br)]:pb-2\">Wer trockene Lippen effektiv und stilvoll pflegen m\u00f6chte, trifft mit diesem Produkt eine clevere Wahl. Die Kombination aus angenehmer Anwendung, hochwertigem Charakter und moderner Ausstrahlung macht es zu einer attraktiven Option f\u00fcr alle, die bewusste Lippenpflege lieben.<\/p>\n<p class=\"my-2 [&amp;+p]:mt-4 [&amp;_strong:has(+br)]:inline-block [&amp;_strong:has(+br)]:pb-2\"><strong>Rechtlicher Hinweis:<\/strong> <em>Dieses Produkt ist kein Arzneimittel. Es ersetzt keine ausgewogene und abwechslungsreiche Ern\u00e4hrung und keinen gesunden Lebensstil. Bei Schwangerschaft, Stillzeit oder wenn du Medikamente einnimmst, konsultiere vor der Verwendung deinen Arzt.<\/em><\/p>\n","protected":false},"excerpt":{"rendered":"<p>Entdecke <strong>Enecta CBD Cannabidiol Lippenbalsam<\/strong> f\u00fcr intensive Pflege und geschmeidig weiche Lippen. Die hochwertige Lippenpflege \u00fcberzeugt mit einem angenehmen Hautgef\u00fchl, praktischer Anwendung und einer modernen Formulierung f\u00fcr den Alltag. Ideal f\u00fcr alle, die trockene Lippen stilvoll und zuverl\u00e4ssig pflegen m\u00f6chten.<\/p>\n","protected":false},"featured_media":10174,"comment_status":"open","ping_status":"closed","template":"","meta":{"_trash_the_other_posts":false,"editor_notices":[]},"product_brand":[170],"product_cat":[157,271],"product_tag":[190,197,275],"class_list":{"0":"post-9974","1":"product","2":"type-product","3":"status-publish","4":"has-post-thumbnail","6":"product_brand-enecta","7":"product_cat-kosmetik","8":"product_cat-gesichtspflege","9":"product_tag-creme","10":"product_tag-enecta-2","11":"product_tag-face-care","13":"first","14":"instock","15":"sale","16":"taxable","17":"shipping-taxable","18":"purchasable","19":"product-type-simple"},"_links":{"self":[{"href":"https:\/\/green.one\/de\/wp-json\/wp\/v2\/product\/9974","targetHints":{"allow":["GET"]}}],"collection":[{"href":"https:\/\/green.one\/de\/wp-json\/wp\/v2\/product"}],"about":[{"href":"https:\/\/green.one\/de\/wp-json\/wp\/v2\/types\/product"}],"replies":[{"embeddable":true,"href":"https:\/\/green.one\/de\/wp-json\/wp\/v2\/comments?post=9974"}],"wp:featuredmedia":[{"embeddable":true,"href":"https:\/\/green.one\/de\/wp-json\/wp\/v2\/media\/10174"}],"wp:attachment":[{"href":"https:\/\/green.one\/de\/wp-json\/wp\/v2\/media?parent=9974"}],"wp:term":[{"taxonomy":"product_brand","embeddable":true,"href":"https:\/\/green.one\/de\/wp-json\/wp\/v2\/product_brand?post=9974"},{"taxonomy":"product_cat","embeddable":true,"href":"https:\/\/green.one\/de\/wp-json\/wp\/v2\/product_cat?post=9974"},{"taxonomy":"product_tag","embeddable":true,"href":"https:\/\/green.one\/de\/wp-json\/wp\/v2\/product_tag?post=9974"}],"curies":[{"name":"wp","href":"https:\/\/api.w.org\/{rel}","templated":true}]}}