{"id":9976,"date":"2022-08-24T11:23:12","date_gmt":"2022-08-24T09:23:12","guid":{"rendered":"https:\/\/green.one\/?post_type=product&#038;p=9976"},"modified":"2026-03-30T19:28:37","modified_gmt":"2026-03-30T17:28:37","slug":"cbd-vital-premium-gesichtsoel","status":"publish","type":"product","link":"https:\/\/green.one\/de\/shop\/cbd-vital-premium-gesichtsoel\/","title":{"rendered":"CBD Vital Premium Gesichts\u00f6l"},"content":{"rendered":"<h6 id=\"cbd-vital-premium-gesichtsl-luxurise-pflege-fr-str\" class=\"font-editorial font-bold first:mt-xs mb-2 mt-4 [.has-inline-images_&amp;]:clear-end text-lg leading-[1.5em] lg:text-xl\" style=\"text-align: left\">CBD Vital Premium <a href=\"https:\/\/green.one\/de\/produkt\/spezialisiert\/kosmetik\/\">Gesichts\u00f6l<\/a>: Luxuri\u00f6se Pflege f\u00fcr strahlend sch\u00f6ne Haut<\/h6>\n<p class=\"my-2 [&amp;+p]:mt-4 [&amp;_strong:has(+br)]:inline-block [&amp;_strong:has(+br)]:pb-2\"><strong>CBD Vital Premium Gesichts\u00f6l<\/strong>\u00a0ist ein leichtes Gesichtspflege\u00f6l f\u00fcr trockene, sensible, \u00f6lige und reife Haut, das rasch einzieht und die Haut weich hinterl\u00e4sst, ohne einen fettigen Glanz zu erzeugen. Die Formulierung ist als <a href=\"https:\/\/green.one\/de\/produkt\/spezialisiert\/kosmetik\/\"><strong>Bio-Naturkosmetik<\/strong> <\/a>beschrieben, enth\u00e4lt <a href=\"https:\/\/green.one\/de\/\"><strong>CBD<\/strong><\/a> und wurde f\u00fcr mehr Spannkraft, Elastizit\u00e4t und eine langanhaltende Feuchtigkeitsversorgung entwickelt. Mit 20 ml Inhalt eignet sich das \u00d6l f\u00fcr die t\u00e4gliche Pflegeroutine und f\u00fcr eine gezielte, sparsame Anwendung.<span class=\"inline-flex\" aria-label=\"Enecta Olio CBD 24%, 2400 mg, 10 ml\" data-state=\"closed\">\u200b<\/span><\/p>\n<h6 id=\"warum-cbd-vital-premium-gesichtsl-berzeugt\" class=\"font-editorial font-bold mb-2 mt-4 [.has-inline-images_&amp;]:clear-end text-lg first:mt-0 md:text-lg [hr+&amp;]:mt-4\">Warum CBD Vital Premium Gesichts\u00f6l \u00fcberzeugt<\/h6>\n<p class=\"my-2 [&amp;+p]:mt-4 [&amp;_strong:has(+br)]:inline-block [&amp;_strong:has(+br)]:pb-2\">Das Produkt setzt auf einen antioxidativen Aktivstoffkomplex, der die Haut mit pflanzlichen Inhaltsstoffen versorgt und laut Hersteller zu mehr Festigkeit und Ausstrahlung beitragen kann. Besonders bei trockener und beanspruchter Haut soll es intensiv reparierend wirken und die Schutzfunktion der Haut unterst\u00fctzen. Gleichzeitig ist die Rezeptur vegan und als unisex verwendbar beschrieben, wodurch sie zu vielen Hautroutinen passt.<\/p>\n<h6 id=\"technische-daten-und-inhaltsstoffe\" class=\"font-editorial font-bold mb-2 mt-4 [.has-inline-images_&amp;]:clear-end text-lg first:mt-0 md:text-lg [hr+&amp;]:mt-4\">Technische Daten und Inhaltsstoffe<\/h6>\n<p class=\"my-2 [&amp;+p]:mt-4 [&amp;_strong:has(+br)]:inline-block [&amp;_strong:has(+br)]:pb-2\">Zu den wichtigsten Bestandteilen geh\u00f6ren <a href=\"https:\/\/green.one\/de\/produkt\/cbd\/oel\/\">Cannabidiol<\/a>, Hanfsamen\u00f6l, Jojoba\u00f6l, Macadamia\u00f6l, Hagebuttensamenextrakt, Astaxanthin aus Blutregenalgenextrakt, nat\u00fcrliches <a href=\"https:\/\/green.one\/de\/produkt\/nahrungsergaenzung\/\">Vitamin E<\/a>, Bisabolol, Rosmarinextrakt und Crambe-Abyssinica-\u00d6l. Diese Kombination wurde entwickelt, um die Haut zu n\u00e4hren, antioxidativ zu unterst\u00fctzen und den Feuchtigkeitshaushalt in Balance zu halten. Als Produkteigenschaften nennt der Hersteller 20 ml Inhalt, Eignung f\u00fcr alle Hauttypen sowie eine helle, gelbliche Farbe.<\/p>\n<h6 id=\"anwendung-und-pflegevorteile\" class=\"font-editorial font-bold mb-2 mt-4 [.has-inline-images_&amp;]:clear-end text-lg first:mt-0 md:text-lg [hr+&amp;]:mt-4\">Anwendung und Pflegevorteile<\/h6>\n<p class=\"my-2 [&amp;+p]:mt-4 [&amp;_strong:has(+br)]:inline-block [&amp;_strong:has(+br)]:pb-2\">Mit\u00a0<strong>CBD Vital Premium Gesichts\u00f6l<\/strong>\u00a0l\u00e4sst sich die t\u00e4gliche Gesichtspflege auf zwei Arten erg\u00e4nzen: Entweder werden 2 bis 3 Tropfen in die Tages- oder <a href=\"https:\/\/green.one\/de\/produkt\/spezialisiert\/kosmetik\/\">Nachtcreme<\/a> gemischt, oder das \u00d6l wird als Maske auf gereinigtes Gesicht, Hals und Dekollet\u00e9 aufgetragen. Die Augenpartie sollte dabei ausgespart werden. Durch die ergiebige Formulierung reichen bereits wenige Tropfen aus, was das <a href=\"https:\/\/green.one\/de\/produkt\/cbd\/oel\/\"><strong>\u00d6l<\/strong><\/a> besonders praktisch f\u00fcr eine regelm\u00e4\u00dfige Anwendung macht.<\/p>\n<h6 id=\"fr-wen-dieses-gesichtsl-ideal-ist\" class=\"font-editorial font-bold mb-2 mt-4 [.has-inline-images_&amp;]:clear-end text-lg first:mt-0 md:text-lg [hr+&amp;]:mt-4\">F\u00fcr wen dieses Gesichts\u00f6l ideal ist<\/h6>\n<p class=\"my-2 [&amp;+p]:mt-4 [&amp;_strong:has(+br)]:inline-block [&amp;_strong:has(+br)]:pb-2\"><strong>CBD Vital Premium Gesichts\u00f6l<\/strong>\u00a0eignet sich besonders f\u00fcr Menschen, die ihre Hautpflege mit einer reichhaltigen, aber dennoch leichten \u00d6ltextur aufwerten m\u00f6chten. Die Mischung aus pflegenden Pflanzen\u00f6len und antioxidativen Wirkstoffen kann vor allem bei trockener, empfindlicher oder reifer Haut eine sinnvolle Erg\u00e4nzung sein, w\u00e4hrend die schnell einziehende Textur auch bei \u00f6liger Haut interessant bleibt. Wer ein hochwertiges Pflegeprodukt mit <a href=\"https:\/\/green.one\/de\/produkt\/cbd\/oel\/\">CBD<\/a>, <a href=\"https:\/\/green.one\/de\/produkt\/nahrungsergaenzung\/\">Vitamin E<\/a> und ausgew\u00e4hlten Pflanzenextrakten sucht, findet in\u00a0<strong>CBD Vital Premium Gesichts\u00f6l<\/strong>\u00a0eine vielseitige L\u00f6sung f\u00fcr ein frisches und gepflegtes Hautbild.<\/p>\n<p>green.one\u00ae <a href=\"https:\/\/green.one\/de\/\">CBD \u00d6l Shop<\/a> ist ein deutsches Premium-Online-Gesch\u00e4ft das eine breite Auswahl an hochwertigen CBD-Produkten f\u00fcr ganz Europa anbietet.<\/p>\n<p class=\"my-2 [&amp;+p]:mt-4 [&amp;_strong:has(+br)]:inline-block [&amp;_strong:has(+br)]:pb-2\"><strong>Rechtlicher Hinweis:<\/strong> <em>Dieses Produkt ist kein Arzneimittel. Es ersetzt keine ausgewogene und abwechslungsreiche Ern\u00e4hrung und keinen gesunden Lebensstil. Bei Schwangerschaft, Stillzeit oder wenn du Medikamente einnimmst, konsultiere vor der Verwendung deinen Arzt.<\/em><\/p>\n","protected":false},"excerpt":{"rendered":"<p><strong>CBD Vital Premium Gesichts\u00f6l<\/strong>\u00a0ist ein leichtes Bio-Gesichtspflege\u00f6l mit CBD, das f\u00fcr trockene, sensible, \u00f6lige und reife Haut geeignet ist und schnell einzieht, ohne einen fettigen Film zu hinterlassen. Die Formulierung kombiniert unter anderem Hanfsamen\u00f6l, Jojoba\u00f6l, Macadamia\u00f6l, Hagebuttensamenextrakt, Astaxanthin, Vitamin E und Bisabolol, um die Haut intensiv zu pflegen und den Feuchtigkeitshaushalt zu unterst\u00fctzen. Ideal f\u00fcr die t\u00e4gliche Anwendung, wenn du dir mehr Geschmeidigkeit, Elastizit\u00e4t und ein gepflegtes Hautbild w\u00fcnschst.<\/p>\n","protected":false},"featured_media":10100,"comment_status":"open","ping_status":"closed","template":"","meta":{"_trash_the_other_posts":false,"editor_notices":[]},"product_brand":[165],"product_cat":[157,271],"product_tag":[190,193,210,253,314],"class_list":{"0":"post-9976","1":"product","2":"type-product","3":"status-publish","4":"has-post-thumbnail","6":"product_brand-cbd-vital","7":"product_cat-kosmetik","8":"product_cat-gesichtspflege","9":"product_tag-creme","10":"product_tag-vital","11":"product_tag-kosmetik","12":"product_tag-cbd","13":"product_tag-gesichtspflege","15":"first","16":"instock","17":"sale","18":"taxable","19":"shipping-taxable","20":"purchasable","21":"product-type-simple"},"_links":{"self":[{"href":"https:\/\/green.one\/de\/wp-json\/wp\/v2\/product\/9976","targetHints":{"allow":["GET"]}}],"collection":[{"href":"https:\/\/green.one\/de\/wp-json\/wp\/v2\/product"}],"about":[{"href":"https:\/\/green.one\/de\/wp-json\/wp\/v2\/types\/product"}],"replies":[{"embeddable":true,"href":"https:\/\/green.one\/de\/wp-json\/wp\/v2\/comments?post=9976"}],"wp:featuredmedia":[{"embeddable":true,"href":"https:\/\/green.one\/de\/wp-json\/wp\/v2\/media\/10100"}],"wp:attachment":[{"href":"https:\/\/green.one\/de\/wp-json\/wp\/v2\/media?parent=9976"}],"wp:term":[{"taxonomy":"product_brand","embeddable":true,"href":"https:\/\/green.one\/de\/wp-json\/wp\/v2\/product_brand?post=9976"},{"taxonomy":"product_cat","embeddable":true,"href":"https:\/\/green.one\/de\/wp-json\/wp\/v2\/product_cat?post=9976"},{"taxonomy":"product_tag","embeddable":true,"href":"https:\/\/green.one\/de\/wp-json\/wp\/v2\/product_tag?post=9976"}],"curies":[{"name":"wp","href":"https:\/\/api.w.org\/{rel}","templated":true}]}}