{"id":9977,"date":"2022-08-24T11:23:02","date_gmt":"2022-08-24T09:23:02","guid":{"rendered":"https:\/\/green.one\/?post_type=product&#038;p=9977"},"modified":"2026-03-30T20:30:56","modified_gmt":"2026-03-30T18:30:56","slug":"biobloom-cbd-oel-8-10-ml","status":"publish","type":"product","link":"https:\/\/green.one\/de\/shop\/biobloom-cbd-oel-8-10-ml\/","title":{"rendered":"BioBloom CBD \u00d6l 8% 10 ml"},"content":{"rendered":"<h6 id=\"biobloom-cbd-l-8-10-ml-natrlich-starke-qualitt-fr\" class=\"font-editorial font-bold first:mt-xs mb-2 mt-4 [.has-inline-images_&amp;]:clear-end text-lg leading-[1.5em] lg:text-xl\" style=\"text-align: left\">BioBloom <a href=\"https:\/\/green.one\/de\/\">CBD \u00d6l<\/a> 8% 10 ml: Nat\u00fcrlich starke Qualit\u00e4t f\u00fcr dein t\u00e4gliches Wohlbefinden<\/h6>\n<p class=\"my-2 [&amp;+p]:mt-4 [&amp;_strong:has(+br)]:inline-block [&amp;_strong:has(+br)]:pb-2\"><strong>BioBloom CBD \u00d6l 8% 10 ml<\/strong>\u00a0ist ein hochwertiges Bio-Hanfvollextrakt f\u00fcr alle, die auf nat\u00fcrliche Reinheit, sp\u00fcrbare Qualit\u00e4t und eine durchdachte Rezeptur setzen. Das \u00d6l wird in \u00d6sterreich hergestellt, ist Bio Austria zertifiziert, vegan, 100% nat\u00fcrlich und frei von k\u00fcnstlichen Zusatzstoffen.<span class=\"inline-flex\" aria-label=\"Enecta CBD oil 24%, 2400 mg, 10 ml\" data-state=\"closed\">\u200b<\/span><\/p>\n<h6 id=\"warum-dieses-cbd-l-berzeugt\" class=\"font-editorial font-bold mb-2 mt-4 [.has-inline-images_&amp;]:clear-end text-lg first:mt-0 md:text-lg [hr+&amp;]:mt-4\">Warum dieses CBD-\u00d6l \u00fcberzeugt<\/h6>\n<p class=\"my-2 [&amp;+p]:mt-4 [&amp;_strong:has(+br)]:inline-block [&amp;_strong:has(+br)]:pb-2\">Das Besondere an\u00a0<strong>BioBloom CBD \u00d6l 8% 10 ml<\/strong>\u00a0ist sein <a href=\"https:\/\/green.one\/de\/produkt\/vollspektrum\/\"><strong>Vollspektrum<\/strong><\/a>-Ansatz mit CBD, CBDa sowie weiteren <a href=\"https:\/\/green.one\/de\/produkt\/cannabis\/blumen\/\">Cannabinoiden<\/a> wie CBG, CBDV, CBN und CBC, erg\u00e4nzt durch Terpene, <a href=\"https:\/\/green.one\/de\/produkt\/cannabis\/blumen\/\">Flavonoide<\/a> und <a href=\"https:\/\/green.one\/de\/\"><strong>Bio-Hanf\u00f6l<\/strong><\/a>.<\/p>\n<p class=\"my-2 [&amp;+p]:mt-4 [&amp;_strong:has(+br)]:inline-block [&amp;_strong:has(+br)]:pb-2\">Laut Hersteller unterst\u00fctzt die 8%-Formel das Wohlbefinden bei Belastungen, f\u00f6rdert guten Schlaf und kann im Alltag zu mehr Vitalit\u00e4t beitragen.<\/p>\n<p class=\"my-2 [&amp;+p]:mt-4 [&amp;_strong:has(+br)]:inline-block [&amp;_strong:has(+br)]:pb-2\">Gerade f\u00fcr anspruchsvolle Nutzer ist die nat\u00fcrliche Zusammensetzung interessant, weil das Produkt nicht mit CBD-Isolat angereichert wird und den urspr\u00fcnglichen Charakter der Hanfpflanze bewahrt.<span class=\"inline-flex\" aria-label=\"Enecta CBD oil 24%, 2400 mg, 10 ml\" data-state=\"closed\">\u200b<\/span><\/p>\n<h6 id=\"technische-daten-und-inhaltsstoffe\" class=\"font-editorial font-bold mb-2 mt-4 [.has-inline-images_&amp;]:clear-end text-lg first:mt-0 md:text-lg [hr+&amp;]:mt-4\">Technische Daten und Inhaltsstoffe<\/h6>\n<p class=\"my-2 [&amp;+p]:mt-4 [&amp;_strong:has(+br)]:inline-block [&amp;_strong:has(+br)]:pb-2\"><strong>BioBloom CBD \u00d6l 8% 10 ml<\/strong>\u00a0enth\u00e4lt 800 mg CBD\/CBDa pro 10-ml-Flasche. Die Rezeptur besteht aus etwa 45% Bio-Hanf\u00f6l und etwa 55% <strong><a href=\"https:\/\/green.one\/de\/produkt\/cbd\/oel\/\">Bio-CBD<\/a><\/strong>-Hanfextrakt, w\u00e4hrend der THC-Gehalt unter 0,2% liegt. Zus\u00e4tzlich sind wertvolle nat\u00fcrliche Begleitstoffe wie Vorstufen von Cannabinoiden, unges\u00e4ttigte Fetts\u00e4uren, Mineralstoffe, Terpene und Flavonoide enthalten.<span class=\"inline-flex\" aria-label=\"Enecta CBD oil 24%, 2400 mg, 10 ml\" data-state=\"closed\">\u200b<\/span><\/p>\n<h6 id=\"herstellung-geschmack-und-anwendung\" class=\"font-editorial font-bold mb-2 mt-4 [.has-inline-images_&amp;]:clear-end text-lg first:mt-0 md:text-lg [hr+&amp;]:mt-4\">Herstellung, Geschmack und Anwendung<\/h6>\n<p class=\"my-2 [&amp;+p]:mt-4 [&amp;_strong:has(+br)]:inline-block [&amp;_strong:has(+br)]:pb-2\">Die BioBloom CBD \u00d6le werden mittels zertifizierter CO2-Extraktion hergestellt und laut Hersteller laufend auf mikrobiologische Belastungen, Pestizide und Schwermetalle gepr\u00fcft.<\/p>\n<p class=\"my-2 [&amp;+p]:mt-4 [&amp;_strong:has(+br)]:inline-block [&amp;_strong:has(+br)]:pb-2\">Dadurch entsteht ein naturbelassenes Produkt, das dunkel, intensiv, bitter und leicht scharf im Geschmack ist. Vor dem Gebrauch sollte die Flasche gut gesch\u00fcttelt, aufrecht gelagert und bei Raumtemperatur vor Sonne gesch\u00fctzt aufbewahrt werden; eine Lagerung im K\u00fchlschrank wird ausdr\u00fccklich nicht empfohlen.<span class=\"inline-flex\" aria-label=\"Enecta CBD oil 24%, 2400 mg, 10 ml\" data-state=\"closed\">\u200b<\/span><\/p>\n<h6 id=\"fr-wen-das-produkt-geeignet-ist\" class=\"font-editorial font-bold mb-2 mt-4 [.has-inline-images_&amp;]:clear-end text-lg first:mt-0 md:text-lg [hr+&amp;]:mt-4\">F\u00fcr wen das Produkt geeignet ist<\/h6>\n<p class=\"my-2 [&amp;+p]:mt-4 [&amp;_strong:has(+br)]:inline-block [&amp;_strong:has(+br)]:pb-2\"><strong>BioBloom CBD \u00d6l 8% 10 ml<\/strong>\u00a0eignet sich besonders f\u00fcr Erwachsene, die ein starkes, nat\u00fcrliches <a href=\"https:\/\/green.one\/de\/\">CBD-\u00d6l<\/a> f\u00fcr ihre t\u00e4gliche Routine suchen. Dank der hohen Bioverf\u00fcgbarkeit, der klaren Deklaration und der sorgf\u00e4ltig ausgew\u00e4hlten Rohstoffe passt es gut zu Menschen, die Wert auf Transparenz, Bio-Qualit\u00e4t und <a href=\"https:\/\/green.one\/de\/produkt\/vollspektrum\/\">Vollspektrum<\/a> legen.<\/p>\n<p class=\"my-2 [&amp;+p]:mt-4 [&amp;_strong:has(+br)]:inline-block [&amp;_strong:has(+br)]:pb-2\">Wer ein kraftvolles, sauberes und vielseitiges Hanfprodukt sucht, findet mit\u00a0<strong>BioBloom CBD \u00d6l 8% 10 ml<\/strong>\u00a0eine \u00fcberzeugende L\u00f6sung f\u00fcr mehr Balance im Alltag.<\/p>\n<p>green.one\u00ae <a href=\"https:\/\/green.one\/de\/\">CBD \u00d6l Shop<\/a> ist ein deutsches Premium-Online-Gesch\u00e4ft das eine breite Auswahl an hochwertigen <a href=\"https:\/\/green.one\/de\/produkt\/cbd-fuer-haustiere\/\">CBD-Produkten<\/a> f\u00fcr ganz Europa anbietet.<\/p>\n<p class=\"my-2 [&amp;+p]:mt-4 [&amp;_strong:has(+br)]:inline-block [&amp;_strong:has(+br)]:pb-2\"><strong>Rechtlicher Hinweis:<\/strong> <em>Dieses Produkt ist kein Arzneimittel. Es ersetzt keine ausgewogene und abwechslungsreiche Ern\u00e4hrung und keinen gesunden Lebensstil. Bei Schwangerschaft, Stillzeit oder wenn du Medikamente einnimmst, konsultiere vor der Verwendung deinen Arzt.<\/em><\/p>\n","protected":false},"excerpt":{"rendered":"<p><strong>BioBloom CBD \u00d6l 8% 10 ml<\/strong>\u00a0ist ein hochwertiges Bio-Hanfvollextrakt aus \u00d6sterreich mit 800 mg CBD\/CBDa pro 10-ml-Flasche. Die Vollspektrum-Formel enth\u00e4lt neben CBD und CBDa auch weitere Cannabinoide wie CBG, CBDV, CBN und CBC sowie nat\u00fcrliche Terpene, Flavonoide und Bio-Hanf\u00f6l. Das \u00d6l ist vegan, Bio Austria zertifiziert, 100% nat\u00fcrlich, frei von k\u00fcnstlichen Zusatzstoffen und enth\u00e4lt weniger als 0,2% THC.<\/p>\n","protected":false},"featured_media":10457,"comment_status":"open","ping_status":"closed","template":"","meta":{"_trash_the_other_posts":false,"editor_notices":[]},"product_brand":[164],"product_cat":[150,151,241,267],"product_tag":[205,258,278],"class_list":{"0":"post-9977","1":"product","2":"type-product","3":"status-publish","4":"has-post-thumbnail","6":"product_brand-biobloom","7":"product_cat-cbd-2","8":"product_cat-oel","9":"product_cat-cbd-oel-10-prozent","10":"product_cat-organic-cbd","11":"product_tag-biobloom-2","12":"product_tag-oil-10","13":"product_tag-organic-cbd","15":"first","16":"instock","17":"sale","18":"taxable","19":"shipping-taxable","20":"purchasable","21":"product-type-simple"},"_links":{"self":[{"href":"https:\/\/green.one\/de\/wp-json\/wp\/v2\/product\/9977","targetHints":{"allow":["GET"]}}],"collection":[{"href":"https:\/\/green.one\/de\/wp-json\/wp\/v2\/product"}],"about":[{"href":"https:\/\/green.one\/de\/wp-json\/wp\/v2\/types\/product"}],"replies":[{"embeddable":true,"href":"https:\/\/green.one\/de\/wp-json\/wp\/v2\/comments?post=9977"}],"wp:featuredmedia":[{"embeddable":true,"href":"https:\/\/green.one\/de\/wp-json\/wp\/v2\/media\/10457"}],"wp:attachment":[{"href":"https:\/\/green.one\/de\/wp-json\/wp\/v2\/media?parent=9977"}],"wp:term":[{"taxonomy":"product_brand","embeddable":true,"href":"https:\/\/green.one\/de\/wp-json\/wp\/v2\/product_brand?post=9977"},{"taxonomy":"product_cat","embeddable":true,"href":"https:\/\/green.one\/de\/wp-json\/wp\/v2\/product_cat?post=9977"},{"taxonomy":"product_tag","embeddable":true,"href":"https:\/\/green.one\/de\/wp-json\/wp\/v2\/product_tag?post=9977"}],"curies":[{"name":"wp","href":"https:\/\/api.w.org\/{rel}","templated":true}]}}