{"id":9982,"date":"2025-09-20T20:20:05","date_gmt":"2025-09-20T18:20:05","guid":{"rendered":"https:\/\/green.one\/?post_type=product&#038;p=9982"},"modified":"2026-03-28T14:52:12","modified_gmt":"2026-03-28T12:52:12","slug":"happy-buds-cbd-glueckliche-blueberry","status":"publish","type":"product","link":"https:\/\/green.one\/de\/shop\/happy-buds-cbd-glueckliche-blueberry\/","title":{"rendered":"Happy Buds CBD Gl\u00fcckliche BlueBerry"},"content":{"rendered":"<h6 id=\"entdecken-sie-das-unglaubliche-geheimnis-von-happy\" class=\"font-editorial font-bold mb-2 mt-4 [.has-inline-images_&amp;]:clear-end text-base first:mt-0\" style=\"text-align: left\">Entdecken Sie das unglaubliche Geheimnis von Happy Buds CBD Gl\u00fcckliche BlueBerry<\/h6>\n<p class=\"my-2 [&amp;+p]:mt-4 [&amp;_strong:has(+br)]:inline-block [&amp;_strong:has(+br)]:pb-2\">Willkommen bei green.one, Ihrem vertrauensw\u00fcrdigen <a href=\"https:\/\/green.one\/de\/\"><strong><em>Online<\/em><\/strong><\/a><a href=\"https:\/\/green.one\/de\/\"><strong>shop<\/strong><\/a> f\u00fcr nachhaltige und kompromisslos hochwertige Wellness-Produkte. Wenn Sie nach der ultimativen Methode suchen, um nach einem langen und anstrengenden Tag tiefgreifend zu entspannen, haben wir eine absolut sensationelle Neuigkeit f\u00fcr Sie.<\/p>\n<p class=\"my-2 [&amp;+p]:mt-4 [&amp;_strong:has(+br)]:inline-block [&amp;_strong:has(+br)]:pb-2\">Unser neuestes und exklusivstes Highlight, Happy Buds <strong><a href=\"https:\/\/green.one\/de\/\">CBD<\/a><\/strong> Gl\u00fcckliche BlueBerry, bietet Ihnen ein v\u00f6llig unvergleichliches und vollst\u00e4ndig nat\u00fcrliches Erlebnis f\u00fcr K\u00f6rper, Geist und Seele.<\/p>\n<p class=\"my-2 [&amp;+p]:mt-4 [&amp;_strong:has(+br)]:inline-block [&amp;_strong:has(+br)]:pb-2\">Entdecken Sie, wie dieses meisterhaft entwickelte Produkt Ihre t\u00e4gliche Routine auf ein v\u00f6llig neues Level heben kann.<\/p>\n<h6 id=\"warum-dieses-premium-produkt-die-perfekte-wahl-ist\" class=\"font-editorial font-bold mb-2 mt-4 [.has-inline-images_&amp;]:clear-end text-base first:mt-0\">Warum dieses Premium-Produkt die perfekte Wahl ist<\/h6>\n<p class=\"my-2 [&amp;+p]:mt-4 [&amp;_strong:has(+br)]:inline-block [&amp;_strong:has(+br)]:pb-2\">In der heutigen, oft hektischen und stressigen Welt ist es ein absolutes Muss, bewusste Momente der Ruhe und Regeneration zu finden. Genau hier setzt unsere innovative L\u00f6sung an.<\/p>\n<p class=\"my-2 [&amp;+p]:mt-4 [&amp;_strong:has(+br)]:inline-block [&amp;_strong:has(+br)]:pb-2\">Die erstaunliche und sorgf\u00e4ltig abgestimmte Mischung aus hochwertigem Cannabidiol und dem unwiderstehlichen, fruchtigen Aroma frischer Blaubeeren macht Happy Buds <strong><a href=\"https:\/\/green.one\/de\/\">CBD<\/a><\/strong> Gl\u00fcckliche BlueBerry zu einem echten Geheimtipp f\u00fcr anspruchsvolle Kenner.<\/p>\n<p class=\"my-2 [&amp;+p]:mt-4 [&amp;_strong:has(+br)]:inline-block [&amp;_strong:has(+br)]:pb-2\">Es ist nicht nur ein wahrer Genuss f\u00fcr Ihre Sinne, sondern auch ein kraftvoller, verl\u00e4sslicher Begleiter f\u00fcr Ihre t\u00e4gliche innere Balance. Die faszinierende Kombination aus Geschmack und Entspannung ist auf dem Markt nahezu un\u00fcbertroffen.<\/p>\n<h6 id=\"garantiert-natrliche-qualitt-bei-greenone\" class=\"font-editorial font-bold mb-2 mt-4 [.has-inline-images_&amp;]:clear-end text-base first:mt-0\">Garantiert nat\u00fcrliche Qualit\u00e4t bei <a href=\"https:\/\/green.one\/de\/produkt\/cbd-vape\/\">green.one<\/a><\/h6>\n<p class=\"my-2 [&amp;+p]:mt-4 [&amp;_strong:has(+br)]:inline-block [&amp;_strong:has(+br)]:pb-2\">Wir bei green.one legen allergr\u00f6\u00dften Wert auf kompromisslose Nachhaltigkeit, absolute Transparenz und die unber\u00fchrte Reinheit unserer Inhaltsstoffe.<\/p>\n<p class=\"my-2 [&amp;+p]:mt-4 [&amp;_strong:has(+br)]:inline-block [&amp;_strong:has(+br)]:pb-2\">Deshalb stammt der Hanf f\u00fcr unsere ausgew\u00e4hlten Premium-Artikel ausschlie\u00dflich aus streng kontrolliertem, \u00f6kologischem und umweltfreundlichem Anbau.<\/p>\n<p class=\"my-2 [&amp;+p]:mt-4 [&amp;_strong:has(+br)]:inline-block [&amp;_strong:has(+br)]:pb-2\">Sie k\u00f6nnen sich jederzeit bedenkenlos darauf verlassen, dass Happy Buds CBD Gl\u00fcckliche BlueBerry vollkommen frei von sch\u00e4dlichen Pestiziden, Herbiziden und k\u00fcnstlichen Zusatzstoffen ist.<\/p>\n<p class=\"my-2 [&amp;+p]:mt-4 [&amp;_strong:has(+br)]:inline-block [&amp;_strong:has(+br)]:pb-2\">Diese schonende und hochmoderne Herstellung garantiert Ihnen ein reines, kraftvolles Naturprodukt, das Ihre k\u00fchnsten Erwartungen mit Sicherheit \u00fcbertreffen wird.<\/p>\n<h6 id=\"sichern-sie-sich-jetzt-ihr-exklusives-wohlbefinden\" class=\"font-editorial font-bold mb-2 mt-4 [.has-inline-images_&amp;]:clear-end text-base first:mt-0\">Sichern Sie sich jetzt Ihr exklusives Wohlbefinden<\/h6>\n<p class=\"my-2 [&amp;+p]:mt-4 [&amp;_strong:has(+br)]:inline-block [&amp;_strong:has(+br)]:pb-2\">Z\u00f6gern Sie nicht l\u00e4nger und verwandeln Sie Ihren grauen Alltag in eine entspannte, luxuri\u00f6se Wohlf\u00fchloase. Die weltweite Nachfrage nach erstklassigen, nat\u00fcrlichen Alternativen steigt derzeit rasant an, und dieses fantastische Meisterwerk der Natur ist bei unseren Kunden bereits hei\u00df begehrt.<\/p>\n<p class=\"my-2 [&amp;+p]:mt-4 [&amp;_strong:has(+br)]:inline-block [&amp;_strong:has(+br)]:pb-2\">Nutzen Sie diese einmalige Gelegenheit und bestellen Sie noch heute Happy Buds CBD Gl\u00fcckliche BlueBerry bequem und sicher online in unserem Shop. Erleben Sie die bemerkenswerte Kraft der Natur am eigenen K\u00f6rper und Geist. G\u00f6nnen Sie sich die herausragende Qualit\u00e4t und das unvergleichliche Wohlbefinden, das Sie wirklich verdienen.<\/p>\n<p class=\"my-2 [&amp;+p]:mt-4 [&amp;_strong:has(+br)]:inline-block [&amp;_strong:has(+br)]:pb-2\"><strong>Rechtlicher Hinweis:<\/strong> <em>Dieses Produkt ist kein Arzneimittel. Es ersetzt keine ausgewogene und abwechslungsreiche Ern\u00e4hrung und keinen gesunden Lebensstil. Bei Schwangerschaft, Stillzeit oder wenn du Medikamente einnimmst, konsultiere vor der Verwendung deinen Arzt.<\/em><\/p>\n","protected":false},"excerpt":{"rendered":"<p>Erleben Sie das ultimative Wohlbefinden mit <strong>Happy Buds CBD Gl\u00fcckliche BlueBerry<\/strong>. Diese exklusive und vollkommen nat\u00fcrliche Premium-Mischung kombiniert hochwertiges, nachhaltiges Cannabidiol mit dem unwiderstehlichen Geschmack frischer Blaubeeren. Sie ist die perfekte Wahl f\u00fcr alle, die nach einem stressigen Tag eine sensationelle und tiefe Entspannung suchen. Sichern Sie sich jetzt dieses fantastische Naturprodukt f\u00fcr Ihre t\u00e4gliche Routine bei green.one und bringen Sie Ihre innere Balance auf ein v\u00f6llig neues Level.<\/p>\n","protected":false},"featured_media":10152,"comment_status":"open","ping_status":"closed","template":"","meta":{"_trash_the_other_posts":false,"editor_notices":[]},"product_brand":[171],"product_cat":[150,152,154,274],"product_tag":[277,201,200,188],"class_list":{"0":"post-9982","1":"product","2":"type-product","3":"status-publish","4":"has-post-thumbnail","6":"product_brand-happy-buds","7":"product_cat-cbd-2","8":"product_cat-e-flussigkeit","9":"product_cat-vaporizer-cbd","10":"product_cat-kartuschen-pods","11":"product_tag-cartrigepods","12":"product_tag-e-flussigkeit","13":"product_tag-vape-2","14":"product_tag-knospen","16":"first","17":"instock","18":"sale","19":"taxable","20":"shipping-taxable","21":"purchasable","22":"product-type-simple"},"_links":{"self":[{"href":"https:\/\/green.one\/de\/wp-json\/wp\/v2\/product\/9982","targetHints":{"allow":["GET"]}}],"collection":[{"href":"https:\/\/green.one\/de\/wp-json\/wp\/v2\/product"}],"about":[{"href":"https:\/\/green.one\/de\/wp-json\/wp\/v2\/types\/product"}],"replies":[{"embeddable":true,"href":"https:\/\/green.one\/de\/wp-json\/wp\/v2\/comments?post=9982"}],"wp:featuredmedia":[{"embeddable":true,"href":"https:\/\/green.one\/de\/wp-json\/wp\/v2\/media\/10152"}],"wp:attachment":[{"href":"https:\/\/green.one\/de\/wp-json\/wp\/v2\/media?parent=9982"}],"wp:term":[{"taxonomy":"product_brand","embeddable":true,"href":"https:\/\/green.one\/de\/wp-json\/wp\/v2\/product_brand?post=9982"},{"taxonomy":"product_cat","embeddable":true,"href":"https:\/\/green.one\/de\/wp-json\/wp\/v2\/product_cat?post=9982"},{"taxonomy":"product_tag","embeddable":true,"href":"https:\/\/green.one\/de\/wp-json\/wp\/v2\/product_tag?post=9982"}],"curies":[{"name":"wp","href":"https:\/\/api.w.org\/{rel}","templated":true}]}}