{"id":9986,"date":"2022-08-24T11:21:23","date_gmt":"2022-08-24T09:21:23","guid":{"rendered":"https:\/\/green.one\/?post_type=product&#038;p=9986"},"modified":"2026-03-31T19:30:57","modified_gmt":"2026-03-31T17:30:57","slug":"schweizer-fx-cbd-ol-20","status":"publish","type":"product","link":"https:\/\/green.one\/de\/shop\/schweizer-fx-cbd-ol-20\/","title":{"rendered":"Schweizer FX CBD \u00d6l 20%"},"content":{"rendered":"<h6 id=\"schweizer-fx-cbd-l-20-kraftvolle-premium-qualitt-f\" class=\"font-editorial font-bold first:mt-xs mb-2 mt-4 [.has-inline-images_&amp;]:clear-end text-lg leading-[1.5em] lg:text-xl\" style=\"text-align: left\">Schweizer FX <a href=\"https:\/\/green.one\/de\/\">CBD \u00d6l<\/a> 20%: Kraftvolle Premium-Qualit\u00e4t f\u00fcr anspruchsvolle CBD-Momente<\/h6>\n<h2 id=\"natrliches-vollspektrum\" class=\"font-editorial font-bold mb-2 mt-4 [.has-inline-images_&amp;]:clear-end text-lg first:mt-0 md:text-lg [hr+&amp;]:mt-4\">Nat\u00fcrliches <a href=\"https:\/\/green.one\/de\/produkt\/vollspektrum\/\">Vollspektrum<\/a><\/h2>\n<p class=\"my-2 [&amp;+p]:mt-4 [&amp;_strong:has(+br)]:inline-block [&amp;_strong:has(+br)]:pb-2\"><strong>Schweizer FX <a href=\"https:\/\/green.one\/de\/produkt\/cbd\/oel\/\">CBD \u00d6l<\/a> 20%<\/strong>\u00a0ist ein <strong><a href=\"https:\/\/green.one\/de\/produkt\/vollspektrum\/\">Vollspektrum-\u00d6l<\/a> <\/strong>in einer 10-ml-Flasche und enth\u00e4lt 2.000 mg CBD, was es zu einer hochkonzentrierten Wahl f\u00fcr Erwachsene mit Fokus auf eine bewusste t\u00e4gliche Routine macht.<br \/>\nLaut Produktangaben stammt der verwendete Hanf aus \u00f6kologischer Schweizer Landwirtschaft, wird von Hand geerntet und schonend verarbeitet.<br \/>\nDurch das <a href=\"https:\/\/green.one\/de\/produkt\/vollspektrum\/\">Vollspektrum<\/a> bleiben neben CBD auch weitere Cannabinoide, Terpene und Flavonoide erhalten, wodurch das nat\u00fcrliche Pflanzenprofil der Hanfpflanze umfassend abgebildet wird.<\/p>\n<h6 id=\"technische-daten\" class=\"font-editorial font-bold mb-2 mt-4 [.has-inline-images_&amp;]:clear-end text-lg first:mt-0 md:text-lg [hr+&amp;]:mt-4\">Technische Daten<\/h6>\n<p class=\"my-2 [&amp;+p]:mt-4 [&amp;_strong:has(+br)]:inline-block [&amp;_strong:has(+br)]:pb-2\"><strong>Schweizer FX <a href=\"https:\/\/green.one\/de\/\">CBD<\/a> \u00d6l 20%<\/strong>\u00a0entspricht laut mehreren Produktangaben rund 250 Tropfen pro Flasche, wobei ein Tropfen etwa 8 mg Cannabidiol liefert.<br \/>\nAls Inhaltsstoffe werden Extrakt aus <strong><a href=\"https:\/\/green.one\/de\/produkt\/cannabis\/blumen\/\">Cannabis Sativa<\/a> <\/strong>mit 20% CBD und Sonnenblumenkern\u00f6l aus Schweizer Bio-Anbau genannt.<br \/>\nDas \u00d6l wird per sanfter CO2-Extraktion hergestellt und als vegan, glutenfrei sowie frei von Farb- und Konservierungsstoffen beschrieben.<\/p>\n<h6 id=\"anwendung-im-alltag\" class=\"font-editorial font-bold mb-2 mt-4 [.has-inline-images_&amp;]:clear-end text-lg first:mt-0 md:text-lg [hr+&amp;]:mt-4\">Anwendung im Alltag<\/h6>\n<p class=\"my-2 [&amp;+p]:mt-4 [&amp;_strong:has(+br)]:inline-block [&amp;_strong:has(+br)]:pb-2\"><strong>Schweizer FX <a href=\"https:\/\/green.one\/de\/produkt\/cbd\/oel\/\">CBD \u00d6l<\/a> 20%<\/strong>\u00a0eignet sich f\u00fcr alle, die ein starkes <a href=\"https:\/\/green.one\/product\/broad-spectrum\/\">CBD-\u00d6l<\/a> mit klarer Konzentration und einfacher Tropfenanwendung in ihren Alltag integrieren m\u00f6chten.<br \/>\nMehrere Quellen heben au\u00dferdem die hohe Bioverf\u00fcgbarkeit hervor, also eine gute Aufnahmef\u00e4higkeit des enthaltenen CBDs.<br \/>\nF\u00fcr die Lagerung wird ein trockener, k\u00fchler Ort empfohlen, und nach dem \u00d6ffnen sollte das \u00d6l innerhalb von sechs Monaten aufgebraucht werden.<span class=\"inline-flex\" aria-label=\"SWISS FX: SWISS FX CBD \u00d6l 20% \u2013 AMM-Empfehlung\" data-state=\"closed\">\u200b<\/span><\/p>\n<h6 id=\"besondere-merkmale\" class=\"font-editorial font-bold mb-2 mt-4 [.has-inline-images_&amp;]:clear-end text-lg first:mt-0 md:text-lg [hr+&amp;]:mt-4\">Besondere Merkmale<\/h6>\n<p class=\"my-2 [&amp;+p]:mt-4 [&amp;_strong:has(+br)]:inline-block [&amp;_strong:has(+br)]:pb-2\">Ein wichtiger Vorteil ist die konsequent nat\u00fcrliche Ausrichtung: Das Produkt wird als 100% nat\u00fcrlich beschrieben und kommt ohne chemische Zusatzstoffe aus.<br \/>\nJede Charge unterliegt laut Produktinformationen strengen Laboranalysen, was die Transparenz und Qualit\u00e4tskontrolle zus\u00e4tzlich st\u00e4rkt.<br \/>\nAuch geschmacklich bleibt das \u00d6l bewusst nah an der Pflanze und wird als angenehm nat\u00fcrlich hanfig beschrieben.<span class=\"inline-flex\" aria-label=\"Swiss FX Vollspektrum CBD \u00d6l 5% 10% 15% 20% 40 % 10ml\" data-state=\"closed\">\u200b<\/span><\/p>\n<h6 id=\"warum-dieses-l-berzeugt\" class=\"font-editorial font-bold mb-2 mt-4 [.has-inline-images_&amp;]:clear-end text-lg first:mt-0 md:text-lg [hr+&amp;]:mt-4\">Warum dieses \u00d6l \u00fcberzeugt<\/h6>\n<p class=\"my-2 [&amp;+p]:mt-4 [&amp;_strong:has(+br)]:inline-block [&amp;_strong:has(+br)]:pb-2\"><strong>Schweizer FX <a href=\"https:\/\/green.one\/product\/broad-spectrum\/\">CBD \u00d6l<\/a> 20%<\/strong>\u00a0verbindet hohe Konzentration, Schweizer Bio-Herkunft und ein vollst\u00e4ndiges Pflanzenprofil in einer kompakten Premium-Flasche.<br \/>\nGerade die Kombination aus 2.000 mg CBD, <a href=\"https:\/\/green.one\/de\/produkt\/vollspektrum\/\">Vollspektrum<\/a>-Charakter, CO2-Extraktion und pr\u00e4ziser Dosierbarkeit macht dieses Produkt interessant f\u00fcr anspruchsvolle Nutzer, die Wert auf Qualit\u00e4t und Nat\u00fcrlichkeit legen.<br \/>\nDamit passt das \u00d6l ideal zu einer modernen CBD-Routine, wenn du ein starkes, transparent formuliertes und hochwertig verarbeitetes Produkt suchst.<\/p>\n<p>green.one\u00ae <a href=\"https:\/\/green.one\/de\/\">CBD \u00d6l Shop<\/a> ist ein deutsches Premium-Online-Gesch\u00e4ft das eine breite Auswahl an hochwertigen <a href=\"https:\/\/green.one\/de\/\">CBD-Produkten<\/a> f\u00fcr ganz Europa anbietet.<\/p>\n<p class=\"my-2 [&amp;+p]:mt-4 [&amp;_strong:has(+br)]:inline-block [&amp;_strong:has(+br)]:pb-2\"><strong>Rechtlicher Hinweis:<\/strong> <em>Dieses Produkt ist kein Arzneimittel. Es ersetzt keine ausgewogene und abwechslungsreiche Ern\u00e4hrung und keinen gesunden Lebensstil. Bei Schwangerschaft, Stillzeit oder wenn du Medikamente einnimmst, konsultiere vor der Verwendung deinen Arzt.<\/em><\/p>\n","protected":false},"excerpt":{"rendered":"<p><strong>Schweizer FX CBD \u00d6l 20%<\/strong>\u00a0ist ein hochdosiertes Vollspektrum-\u00d6l mit 2.000 mg CBD in einer 10-ml-Flasche und eignet sich f\u00fcr eine bewusste t\u00e4gliche Anwendung.<br \/>\nDie Formel enth\u00e4lt neben CBD auch weitere Cannabinoide, Terpene und Flavonoide und wird aus Hanf aus \u00f6kologischer Schweizer Landwirtschaft gewonnen.<br \/>\nMit etwa 250 Tropfen pro Flasche, rund 8 mg CBD pro Tropfen, sanfter CO2-Extraktion sowie veganer und glutenfreier Rezeptur bietet das \u00d6l eine klare, hochwertige Produktqualit\u00e4t.<\/p>\n","protected":false},"featured_media":10404,"comment_status":"open","ping_status":"closed","template":"","meta":{"_trash_the_other_posts":false,"editor_notices":[]},"product_brand":[180],"product_cat":[150,151,243,264,267],"product_tag":[235,257,278,279],"class_list":{"0":"post-9986","1":"product","2":"type-product","3":"status-publish","4":"has-post-thumbnail","6":"product_brand-swiss-fx","7":"product_cat-cbd-2","8":"product_cat-oel","9":"product_cat-cbd-oel-20-prozent","10":"product_cat-vollspektrum","11":"product_cat-organic-cbd","12":"product_tag-swiss-fx","13":"product_tag-oil-20","14":"product_tag-organic-cbd","15":"product_tag-full-spectrum","17":"first","18":"instock","19":"sale","20":"taxable","21":"shipping-taxable","22":"purchasable","23":"product-type-simple"},"_links":{"self":[{"href":"https:\/\/green.one\/de\/wp-json\/wp\/v2\/product\/9986","targetHints":{"allow":["GET"]}}],"collection":[{"href":"https:\/\/green.one\/de\/wp-json\/wp\/v2\/product"}],"about":[{"href":"https:\/\/green.one\/de\/wp-json\/wp\/v2\/types\/product"}],"replies":[{"embeddable":true,"href":"https:\/\/green.one\/de\/wp-json\/wp\/v2\/comments?post=9986"}],"wp:featuredmedia":[{"embeddable":true,"href":"https:\/\/green.one\/de\/wp-json\/wp\/v2\/media\/10404"}],"wp:attachment":[{"href":"https:\/\/green.one\/de\/wp-json\/wp\/v2\/media?parent=9986"}],"wp:term":[{"taxonomy":"product_brand","embeddable":true,"href":"https:\/\/green.one\/de\/wp-json\/wp\/v2\/product_brand?post=9986"},{"taxonomy":"product_cat","embeddable":true,"href":"https:\/\/green.one\/de\/wp-json\/wp\/v2\/product_cat?post=9986"},{"taxonomy":"product_tag","embeddable":true,"href":"https:\/\/green.one\/de\/wp-json\/wp\/v2\/product_tag?post=9986"}],"curies":[{"name":"wp","href":"https:\/\/api.w.org\/{rel}","templated":true}]}}