{"id":9987,"date":"2022-08-24T11:21:36","date_gmt":"2022-08-24T09:21:36","guid":{"rendered":"https:\/\/green.one\/?post_type=product&#038;p=9987"},"modified":"2026-03-31T19:09:31","modified_gmt":"2026-03-31T17:09:31","slug":"biobloom-cbd-ol-6-30ml","status":"publish","type":"product","link":"https:\/\/green.one\/de\/shop\/biobloom-cbd-ol-6-30ml\/","title":{"rendered":"BioBloom CBD \u00d6l 6% 30ml"},"content":{"rendered":"<h6 id=\"biobloom-cbd-l-6-30ml-entdecke-die-natrliche-premi\" class=\"font-editorial font-bold first:mt-xs mb-2 mt-4 [.has-inline-images_&amp;]:clear-end text-lg leading-[1.5em] lg:text-xl\">BioBloom <a href=\"https:\/\/green.one\/de\/\">CBD \u00d6l<\/a> 6% 30ml: Entdecke die nat\u00fcrliche Premium-Formel f\u00fcr deine bewusste Routine<\/h6>\n<h6 id=\"natrliches-vollspektrum\" class=\"font-editorial font-bold mb-2 mt-4 [.has-inline-images_&amp;]:clear-end text-lg first:mt-0 md:text-lg [hr+&amp;]:mt-4\">Nat\u00fcrliches <a href=\"https:\/\/green.one\/de\/produkt\/vollspektrum\/\">Vollspektrum<\/a><\/h6>\n<p class=\"my-2 [&amp;+p]:mt-4 [&amp;_strong:has(+br)]:inline-block [&amp;_strong:has(+br)]:pb-2\">BioBloom <a href=\"https:\/\/green.one\/de\/produkt\/cbd\/oel\/\">CBD \u00d6l<\/a> 6% 30ml ist ein Bio-Austria-zertifiziertes, veganes und 100% nat\u00fcrliches Hanfvollextrakt f\u00fcr Erwachsene, die ein hochwertiges <a href=\"https:\/\/green.one\/de\/produkt\/cbd\/oel\/\"><strong>CBD-\u00d6l <\/strong><\/a>in einer ergiebigen Flaschengr\u00f6\u00dfe suchen.<br \/>\nDie 30-ml-Flasche enth\u00e4lt 1.800 mg CBD\/CBDa und verbindet laut Hersteller <a href=\"https:\/\/green.one\/de\/produkt\/cbd\/oel\/\">Bio-Hanf\u00f6l<\/a> mit einem naturbelassenen Hanfextrakt aus der ganzen Pflanze.<br \/>\nZum <a href=\"https:\/\/green.one\/de\/produkt\/vollspektrum\/\"><strong>Vollspektrum<\/strong><\/a> geh\u00f6ren neben CBD und CBDa auch weitere Cannabinoide wie CBG, CBDV, CBN und CBC sowie nat\u00fcrliche Terpene und Flavonoide.<\/p>\n<h6 id=\"technische-eigenschaften\" class=\"font-editorial font-bold mb-2 mt-4 [.has-inline-images_&amp;]:clear-end text-lg first:mt-0 md:text-lg [hr+&amp;]:mt-4\">Technische Eigenschaften<\/h6>\n<p class=\"my-2 [&amp;+p]:mt-4 [&amp;_strong:has(+br)]:inline-block [&amp;_strong:has(+br)]:pb-2\">Bei BioBloom <a href=\"https:\/\/green.one\/product\/broad-spectrum\/\">CBD \u00d6l<\/a> 6% 30ml besteht die Rezeptur laut Hersteller aus etwa 50% <a href=\"https:\/\/green.one\/de\/produkt\/vollspektrum\/\">Bio-Hanf\u00f6l<\/a> und etwa 50% Bio-CBD-Hanfextrakt.<br \/>\nDer THC-Gehalt liegt unter 0,2%, wodurch das \u00d6l als nicht berauschendes <a href=\"https:\/\/green.one\/de\/produkt\/vollspektrum\/\">Vollspektrum<\/a>-Produkt eingeordnet wird.<br \/>\nZus\u00e4tzlich nennt der Hersteller nat\u00fcrliche Vorstufen wie CBDVa und CBGa, dazu Mineralstoffe, Phenole und unges\u00e4ttigte Fetts\u00e4uren, die das Pflanzenprofil abrunden.<br \/>\nDas Extrakt ist in kaltgepresstem Hanfsamen\u00f6l gel\u00f6st, was gut zu der naturbelassenen und klaren Produktphilosophie der Linie passt.<span class=\"inline-flex\" aria-label=\"BioBloom - Bio CBD \u00d6l 6% (1.800mg) - 30ml - Hanf-Shop.de\" data-state=\"closed\">\u200b<\/span><\/p>\n<h6 id=\"anwendung-im-alltag\" class=\"font-editorial font-bold mb-2 mt-4 [.has-inline-images_&amp;]:clear-end text-lg first:mt-0 md:text-lg [hr+&amp;]:mt-4\">Anwendung im Alltag<\/h6>\n<p class=\"my-2 [&amp;+p]:mt-4 [&amp;_strong:has(+br)]:inline-block [&amp;_strong:has(+br)]:pb-2\">BioBloom <a href=\"https:\/\/green.one\/product\/broad-spectrum\/\">CBD \u00d6l<\/a> 6% 30ml eignet sich f\u00fcr Menschen, die ihre t\u00e4gliche Routine mit einem hochwertigen <a href=\"https:\/\/green.one\/de\/\">CBD-\u00d6l<\/a> erg\u00e4nzen m\u00f6chten und dabei Wert auf eine gr\u00f6\u00dfere, praktische Flasche legen.<br \/>\nLaut Hersteller wird das \u00d6l f\u00fcr innere Balance in stressigen Zeiten und f\u00fcr ein gesteigertes Wohlbefinden beschrieben.<br \/>\nVor dem Gebrauch sollte die Flasche gut gesch\u00fcttelt werden, und die integrierte Pipette erleichtert eine saubere und einfache Dosierung.<br \/>\nAu\u00dferdem wird empfohlen, das Produkt nicht im K\u00fchlschrank aufzubewahren.<span class=\"inline-flex\" aria-label=\"BioBloom 6% CBD \u00d6l Tropfen In 10ml &amp; 30ml | Bestpreis Hier\" data-state=\"closed\">\u200b<\/span><\/p>\n<h6 id=\"besondere-merkmale\" class=\"font-editorial font-bold mb-2 mt-4 [.has-inline-images_&amp;]:clear-end text-lg first:mt-0 md:text-lg [hr+&amp;]:mt-4\">Besondere Merkmale<\/h6>\n<p class=\"my-2 [&amp;+p]:mt-4 [&amp;_strong:has(+br)]:inline-block [&amp;_strong:has(+br)]:pb-2\">Ein klarer Vorteil ist die schonende CO2-Extraktion, mit der die wertvollen Pflanzenstoffe m\u00f6glichst vollst\u00e4ndig erhalten bleiben sollen.<br \/>\nHinzu kommt der Verzicht auf k\u00fcnstliche Zusatzstoffe und auf eine Anreicherung mit CBD-Isolat, wodurch der urspr\u00fcngliche Charakter des Hanfextrakts bewahrt wird.<br \/>\nLaut Produktangaben ist das \u00d6l au\u00dferdem frei von Allergenen, Zusatzstoffen, Pestiziden und Herbiziden.<span class=\"inline-flex\" aria-label=\"BioBloom 6% CBD \u00d6l Tropfen In 10ml &amp; 30ml | Bestpreis Hier\" data-state=\"closed\">\u200b<\/span><br \/>\nTypisch f\u00fcr dieses Vollextrakt sind eine dunkle Farbe und ein intensiver, deutlich hanfiger Geschmack, der den authentischen Naturcharakter unterstreicht.<span class=\"inline-flex\" aria-label=\"BioBloom CBD \u00d6l 6 % \u2013 BIO CBD Hanf\u00f6l Tropfen 10ml 30ml\" data-state=\"closed\">\u200b<\/span><\/p>\n<h6 id=\"fr-anspruchsvolle-kufer\" class=\"font-editorial font-bold mb-2 mt-4 [.has-inline-images_&amp;]:clear-end text-lg first:mt-0 md:text-lg [hr+&amp;]:mt-4\">F\u00fcr anspruchsvolle K\u00e4ufer<\/h6>\n<p class=\"my-2 [&amp;+p]:mt-4 [&amp;_strong:has(+br)]:inline-block [&amp;_strong:has(+br)]:pb-2\">Wer BioBloom <a href=\"https:\/\/green.one\/de\/produkt\/cbd\/oel\/\">CBD \u00d6l<\/a> 6% 30ml w\u00e4hlt, entscheidet sich f\u00fcr ein ergiebiges <a href=\"https:\/\/green.one\/de\/produkt\/vollspektrum\/\">Vollspektrum-\u00d6l<\/a> mit transparenter Zusammensetzung, nat\u00fcrlichem Hanfprofil und kontrollierter Bio-Qualit\u00e4t.<br \/>\nDie Kombination aus 1.800 mg CBD\/CBDa, veganer Rezeptur, Pipettenflasche und vollst\u00e4ndigem Pflanzenprofil macht dieses Produkt zu einer \u00fcberzeugenden Wahl f\u00fcr eine bewusste t\u00e4gliche Anwendung.<\/p>\n<p>green.one\u00ae <a href=\"https:\/\/green.one\/de\/\">CBD \u00d6l Shop<\/a> ist ein deutsches Premium-Online-Gesch\u00e4ft das eine breite Auswahl an hochwertigen <a href=\"https:\/\/green.one\/de\/\">CBD-Produkten<\/a> f\u00fcr ganz Europa anbietet.<\/p>\n<p class=\"my-2 [&amp;+p]:mt-4 [&amp;_strong:has(+br)]:inline-block [&amp;_strong:has(+br)]:pb-2\"><strong>Rechtlicher Hinweis:<\/strong> <em>Dieses Produkt ist kein Arzneimittel. Es ersetzt keine ausgewogene und abwechslungsreiche Ern\u00e4hrung und keinen gesunden Lebensstil. Bei Schwangerschaft, Stillzeit oder wenn du Medikamente einnimmst, konsultiere vor der Verwendung deinen Arzt.<\/em><\/p>\n","protected":false},"excerpt":{"rendered":"<p class=\"my-2 [&amp;+p]:mt-4 [&amp;_strong:has(+br)]:inline-block [&amp;_strong:has(+br)]:pb-2\"><strong>BioBloom CBD \u00d6l 6% 30ml<\/strong>\u00a0ist ein Bio-Austria-zertifiziertes, veganes und 100% nat\u00fcrliches Vollspektrum-Hanf\u00f6l f\u00fcr die bewusste t\u00e4gliche Routine.<br \/>\nDie 30-ml-Flasche enth\u00e4lt 1.800 mg CBD\/CBDa und kombiniert Bio-Hanf\u00f6l mit einem naturbelassenen Hanfextrakt mit weiteren Cannabinoiden, Terpenen und Flavonoiden.<br \/>\nDank schonender CO2-Extraktion, einem THC-Gehalt unter 0,2% und praktischer Pipette eignet sich das \u00d6l ideal f\u00fcr alle, die ein hochwertiges, ergiebiges CBD-\u00d6l mit authentischem Hanfprofil suchen.<\/p>\n","protected":false},"featured_media":10418,"comment_status":"open","ping_status":"closed","template":"","meta":{"_trash_the_other_posts":false,"editor_notices":[]},"product_brand":[164],"product_cat":[150,151,240],"product_tag":[205,252,312],"class_list":{"0":"post-9987","1":"product","2":"type-product","3":"status-publish","4":"has-post-thumbnail","6":"product_brand-biobloom","7":"product_cat-cbd-2","8":"product_cat-oel","9":"product_cat-cbd-oel-5-prozent","10":"product_tag-biobloom-2","11":"product_tag-oel-5","12":"product_tag-cbd-oel","14":"first","15":"instock","16":"sale","17":"taxable","18":"shipping-taxable","19":"purchasable","20":"product-type-simple"},"_links":{"self":[{"href":"https:\/\/green.one\/de\/wp-json\/wp\/v2\/product\/9987","targetHints":{"allow":["GET"]}}],"collection":[{"href":"https:\/\/green.one\/de\/wp-json\/wp\/v2\/product"}],"about":[{"href":"https:\/\/green.one\/de\/wp-json\/wp\/v2\/types\/product"}],"replies":[{"embeddable":true,"href":"https:\/\/green.one\/de\/wp-json\/wp\/v2\/comments?post=9987"}],"wp:featuredmedia":[{"embeddable":true,"href":"https:\/\/green.one\/de\/wp-json\/wp\/v2\/media\/10418"}],"wp:attachment":[{"href":"https:\/\/green.one\/de\/wp-json\/wp\/v2\/media?parent=9987"}],"wp:term":[{"taxonomy":"product_brand","embeddable":true,"href":"https:\/\/green.one\/de\/wp-json\/wp\/v2\/product_brand?post=9987"},{"taxonomy":"product_cat","embeddable":true,"href":"https:\/\/green.one\/de\/wp-json\/wp\/v2\/product_cat?post=9987"},{"taxonomy":"product_tag","embeddable":true,"href":"https:\/\/green.one\/de\/wp-json\/wp\/v2\/product_tag?post=9987"}],"curies":[{"name":"wp","href":"https:\/\/api.w.org\/{rel}","templated":true}]}}