{"id":9993,"date":"2024-05-02T16:48:54","date_gmt":"2024-05-02T14:48:54","guid":{"rendered":"https:\/\/green.one\/?post_type=product&#038;p=9993"},"modified":"2026-03-29T11:18:14","modified_gmt":"2026-03-29T09:18:14","slug":"holy-hemp-cannabis-seeds-blueberry-bubba","status":"publish","type":"product","link":"https:\/\/green.one\/de\/shop\/holy-hemp-cannabis-seeds-blueberry-bubba\/","title":{"rendered":"Holy Hemp Cannabis Seeds Blueberry Bubba"},"content":{"rendered":"<div class=\"relative font-sans text-base text-foreground selection:bg-super\/50 selection:text-foreground dark:selection:bg-super\/10 dark:selection:text-super\">\n<div class=\"min-w-0 break-words [word-break:break-word]\">\n<div id=\"markdown-content-126\" class=\"gap-y-md after:clear-both after:block after:content-['']\" dir=\"auto\" data-cplx-component=\"message-block-answer\">\n<div class=\"has-inline-images my-2 first:mt-0 [&amp;:has([data-inline-type=image])+&amp;:has([data-inline-type=image])_[data-inline-type=image]]:hidden [&amp;:has(table)_[data-inline-type=image]]:hidden\">\n<div>\n<div>\n<div class=\"prose dark:prose-invert inline leading-relaxed break-words min-w-0 [word-break:break-word] prose-strong:font-bold [&amp;_&gt;*:first-child]:mt-0 [&amp;_&gt;*:last-child]:mb-0\">\n<h6 id=\"holy-hemp-cannabis-seeds-blueberry-bubba-kraftvoll\" class=\"font-editorial font-bold mb-2 mt-4 [.has-inline-images_&amp;]:clear-end text-lg first:mt-0 md:text-lg [hr+&amp;]:mt-4\" style=\"text-align: left\">Holy Hemp <a href=\"https:\/\/green.one\/de\/produkt\/cannabis\/cbd-samen\/\">Cannabis Seeds<\/a> Blueberry Bubba: Kraftvolle Fast-Flowering-Genetik mit intensivem Fruchtprofil<\/h6>\n<p class=\"my-2 [&amp;+p]:mt-4 [&amp;_strong:has(+br)]:inline-block [&amp;_strong:has(+br)]:pb-2\"><strong>Holy Hemp Cannabis Seeds Blueberry Bubba<\/strong>\u00a0ist eine feminisierte, photoperiodische Fast-Flowering-Sorte aus der Kreuzung Blueberry Bubba x Marathon OG F4 und geh\u00f6rt zur US-Genetics-Linie von Holy Hemp.<br \/>\nDie Sorte ist deutlich indica-dominant mit einem Verh\u00e4ltnis von 20% Sativa zu 80% Indica und wird mit einem THC-Gehalt von 18 bis 23% beschrieben.<\/p>\n<h6 class=\"my-2 [&amp;+p]:mt-4 [&amp;_strong:has(+br)]:inline-block [&amp;_strong:has(+br)]:pb-2\">Technische Daten<\/h6>\n<p class=\"my-2 [&amp;+p]:mt-4 [&amp;_strong:has(+br)]:inline-block [&amp;_strong:has(+br)]:pb-2\"><strong>Holy Hemp Cannabis Seeds Blueberry Bubba<\/strong>\u00a0wird im 3er-Pack angeboten, erreicht die Gr\u00f6\u00dfenkategorie M bis L und ben\u00f6tigt nur etwa 7 bis 8 Wochen Bl\u00fctezeit.<br \/>\nF\u00fcr den Outdoor-Anbau wird ein Aussaatzeitraum von April bis Juli genannt, was die Sorte f\u00fcr eine gut planbare Saison besonders attraktiv macht.<br \/>\nDie photoperiodische Fast-Flowering-Eigenschaft bedeutet eine lichtzyklusabh\u00e4ngige Bl\u00fcte mit verk\u00fcrzter Reifephase, wodurch sich das Produkt f\u00fcr eine effiziente und \u00fcbersichtliche Kultur eignet.<br \/>\nZus\u00e4tzlich werden die <a href=\"https:\/\/green.one\/de\/produkt\/cannabis\/cbd-samen\/\"><strong>Samen<\/strong><\/a> als PGZ-zertifiziert und virusfrei beschrieben, was die Produktqualit\u00e4t weiter unterstreicht.<span class=\"inline-flex\" aria-label=\"Blueberry Bubba - Cali Seeds - cannabis seeds\" data-state=\"closed\">\u200b<\/span><\/p>\n<h6 id=\"aroma-und-eigenschaften\" class=\"font-editorial font-bold mb-2 mt-4 [.has-inline-images_&amp;]:clear-end text-lg first:mt-0 md:text-lg [hr+&amp;]:mt-4\">Aroma und Eigenschaften<\/h6>\n<p class=\"my-2 [&amp;+p]:mt-4 [&amp;_strong:has(+br)]:inline-block [&amp;_strong:has(+br)]:pb-2\"><strong>Holy Hemp Cannabis Seeds Blueberry Bubba<\/strong>\u00a0\u00fcberzeugt mit s\u00fc\u00dfen, fruchtigen und holzigen Noten, die je nach Beschreibung an reife Blaubeeren, Candy-Aromen, Sandelholz und gelegentlich auch an feine Diesel-Nuancen erinnern.<br \/>\nDie Pflanzen entwickeln robuste Verzweigungen und mittelgro\u00dfe bis harzige <a href=\"https:\/\/green.one\/de\/produkt\/cannabis\/blumen\/\"><strong>Bl\u00fcten<\/strong><\/a>, w\u00e4hrend die Sorte gleichzeitig als pflegeleicht, widerstandsf\u00e4hig gegen h\u00e4ufige Sch\u00e4dlinge und tolerant gegen\u00fcber Umweltstress beschrieben wird.<br \/>\nAuch der Effekt wird klar eingeordnet: Im Vordergrund stehen entspannende, antistress-orientierte und schlaff\u00f6rdernde Eigenschaften, wie sie f\u00fcr indica-dominante Genetiken typisch sind.<\/p>\n<h6 id=\"fr-greenone\" class=\"font-editorial font-bold mb-2 mt-4 [.has-inline-images_&amp;]:clear-end text-lg first:mt-0 md:text-lg [hr+&amp;]:mt-4\">F\u00fcr green.one <a href=\"https:\/\/green.one\/de\/\">CBD Shop<\/a><\/h6>\n<p class=\"my-2 [&amp;+p]:mt-4 [&amp;_strong:has(+br)]:inline-block [&amp;_strong:has(+br)]:pb-2\"><strong>Holy Hemp Cannabis Seeds Blueberry Bubba<\/strong>\u00a0eignet sich ideal f\u00fcr ein Sortiment, das moderne US-Genetik, kurze Bl\u00fctezeiten und ein markantes Aromaprofil in den Mittelpunkt stellt.<br \/>\nDie Kombination aus 18 bis 23% THC, 20\/80-Hybridprofil, 7 bis 8 Wochen Bl\u00fctezeit und fruchtig-holzigem Charakter schafft klare Kaufargumente f\u00fcr eine hochwertige Produktseite.<br \/>\nDamit l\u00e4sst sich die Sorte als starke Premium-Auswahl f\u00fcr Kundinnen und Kunden pr\u00e4sentieren, die eine indica-dominante, schnell bl\u00fchende und aromatisch ausdrucksstarke Samenlinie suchen.<\/p>\n<p class=\"my-2 [&amp;+p]:mt-4 [&amp;_strong:has(+br)]:inline-block [&amp;_strong:has(+br)]:pb-2\"><strong>Rechtlicher Hinweis:<\/strong> <em>Dieses Produkt ist kein Arzneimittel. Es ersetzt keine ausgewogene und abwechslungsreiche Ern\u00e4hrung und keinen gesunden Lebensstil. Bei Schwangerschaft, Stillzeit oder wenn du Medikamente einnimmst, konsultiere vor der Verwendung deinen Arzt.<\/em><\/p>\n<\/div>\n<\/div>\n<\/div>\n<\/div>\n<\/div>\n<\/div>\n<\/div>\n","protected":false},"excerpt":{"rendered":"<p><strong>Holy Hemp Cannabis Seeds Blueberry Bubba<\/strong>\u00a0ist eine feminisierte Fast-Flowering-Sorte mit 18 bis 23% THC, einem 20\/80-Verh\u00e4ltnis aus Sativa und Indica sowie einer kurzen Bl\u00fctezeit von 7 bis 8 Wochen.<br \/>\nDie Kreuzung aus Blueberry Bubba x Marathon OG F4 \u00fcberzeugt mit fruchtigen, s\u00fc\u00dfen und holzigen Aromen, robusten Verzweigungen und mittelgro\u00dfen bis stark aromatischen Bl\u00fcten.<br \/>\nDank ihrer Eignung f\u00fcr Indoor- und Outdoor-Anbau ist diese US-Genetik eine starke Wahl f\u00fcr alle, die eine pflegeleichte und ausdrucksstarke Premium-Sorte suchen.<\/p>\n","protected":false},"featured_media":10128,"comment_status":"open","ping_status":"closed","template":"","meta":{"_trash_the_other_posts":false,"editor_notices":[]},"product_brand":[176],"product_cat":[162,284],"product_tag":[224,253,292],"class_list":{"0":"post-9993","1":"product","2":"type-product","3":"status-publish","4":"has-post-thumbnail","6":"product_brand-holy-hemp","7":"product_cat-cbd-samen","8":"product_cat-cannabis","9":"product_tag-samen","10":"product_tag-cbd","11":"product_tag-holy-hemp","13":"first","14":"instock","15":"sale","16":"taxable","17":"shipping-taxable","18":"purchasable","19":"product-type-simple"},"_links":{"self":[{"href":"https:\/\/green.one\/de\/wp-json\/wp\/v2\/product\/9993","targetHints":{"allow":["GET"]}}],"collection":[{"href":"https:\/\/green.one\/de\/wp-json\/wp\/v2\/product"}],"about":[{"href":"https:\/\/green.one\/de\/wp-json\/wp\/v2\/types\/product"}],"replies":[{"embeddable":true,"href":"https:\/\/green.one\/de\/wp-json\/wp\/v2\/comments?post=9993"}],"wp:featuredmedia":[{"embeddable":true,"href":"https:\/\/green.one\/de\/wp-json\/wp\/v2\/media\/10128"}],"wp:attachment":[{"href":"https:\/\/green.one\/de\/wp-json\/wp\/v2\/media?parent=9993"}],"wp:term":[{"taxonomy":"product_brand","embeddable":true,"href":"https:\/\/green.one\/de\/wp-json\/wp\/v2\/product_brand?post=9993"},{"taxonomy":"product_cat","embeddable":true,"href":"https:\/\/green.one\/de\/wp-json\/wp\/v2\/product_cat?post=9993"},{"taxonomy":"product_tag","embeddable":true,"href":"https:\/\/green.one\/de\/wp-json\/wp\/v2\/product_tag?post=9993"}],"curies":[{"name":"wp","href":"https:\/\/api.w.org\/{rel}","templated":true}]}}