{"id":9997,"date":"2022-08-24T11:22:19","date_gmt":"2022-08-24T09:22:19","guid":{"rendered":"https:\/\/green.one\/?post_type=product&#038;p=9997"},"modified":"2026-03-31T15:29:54","modified_gmt":"2026-03-31T13:29:54","slug":"cbd-vital-premium-gesichtsreinigung","status":"publish","type":"product","link":"https:\/\/green.one\/de\/shop\/cbd-vital-premium-gesichtsreinigung\/","title":{"rendered":"CBD Vital Premium Gesichtsreinigung"},"content":{"rendered":"<h6 id=\"cbd-vital-premium-gesichtsreinigung-sanfte-luxuspf\" class=\"font-editorial font-bold first:mt-xs mb-2 mt-4 [.has-inline-images_&amp;]:clear-end text-lg leading-[1.5em] lg:text-xl\" style=\"text-align: left\">CBD Vital Premium Gesichtsreinigung: Sanfte Luxuspflege f\u00fcr ein klares und frisches Hautbild<\/h6>\n<p class=\"my-2 [&amp;+p]:mt-4 [&amp;_strong:has(+br)]:inline-block [&amp;_strong:has(+br)]:pb-2\"><strong>CBD Vital Premium Gesichtsreinigung<\/strong>\u00a0ist ein seifenfreies Reinigungsgel mit 100 ml Inhalt, das f\u00fcr alle Hauttypen, auch f\u00fcr sensible Haut, entwickelt wurde und <a href=\"https:\/\/green.one\/de\/produkt\/spezialisiert\/kosmetik\/\">Make-up<\/a>, Hautsch\u00fcppchen sowie Unreinheiten sanft entfernt.<\/p>\n<p class=\"my-2 [&amp;+p]:mt-4 [&amp;_strong:has(+br)]:inline-block [&amp;_strong:has(+br)]:pb-2\">Die zertifizierte Premium-<strong><a href=\"https:\/\/green.one\/de\/produkt\/spezialisiert\/kosmetik\/\">Biokosmetik<\/a><\/strong> kombiniert <a href=\"https:\/\/green.one\/de\/\"><strong>CBD<\/strong><\/a> mit Traubenelexier, Aloe Vera und weiteren pflanzlichen Wirkstoffen, um die Haut schon bei der Reinigung zu beruhigen, zu erfrischen und mit Feuchtigkeit zu versorgen.<\/p>\n<h6 id=\"sanfte-reinigung\" class=\"font-editorial font-bold mb-2 mt-4 [.has-inline-images_&amp;]:clear-end text-lg first:mt-0 md:text-lg [hr+&amp;]:mt-4\">Sanfte Reinigung<\/h6>\n<p class=\"my-2 [&amp;+p]:mt-4 [&amp;_strong:has(+br)]:inline-block [&amp;_strong:has(+br)]:pb-2\">Die Formulierung reinigt laut Hersteller seifenfrei, lindert Spannungsgef\u00fchle und unterst\u00fctzt eine ausgeglichene Hautbalance, was sie besonders interessant f\u00fcr die t\u00e4gliche Gesichtsreinigung macht.<\/p>\n<p class=\"my-2 [&amp;+p]:mt-4 [&amp;_strong:has(+br)]:inline-block [&amp;_strong:has(+br)]:pb-2\">Gleichzeitig wird das Gel als harmonisierend und hautberuhigend beschrieben und eignet sich dadurch f\u00fcr eine Pflegeroutine, die nicht nur reinigen, sondern die Haut auch angenehm vorbereitet hinterlassen soll.<\/p>\n<h6 id=\"warum-cbd-vital-premium-gesichtsreinigung-berzeugt\" class=\"font-editorial font-bold mb-2 mt-4 [.has-inline-images_&amp;]:clear-end text-lg first:mt-0 md:text-lg [hr+&amp;]:mt-4\">Warum CBD Vital Premium Gesichtsreinigung \u00fcberzeugt<\/h6>\n<p class=\"my-2 [&amp;+p]:mt-4 [&amp;_strong:has(+br)]:inline-block [&amp;_strong:has(+br)]:pb-2\">Ein wesentlicher Vorteil liegt im Aktivstoffkomplex aus <a href=\"https:\/\/green.one\/de\/produkt\/cannabis\/blumen\/\">Cannabidiol<\/a>, VinUP Lift aus Eiswein-Traubenelixier, Aloe Vera, Panthenol, Jojoba\u00f6l und Biomodulinen aus dem Shiitake-Pilz.<\/p>\n<p class=\"my-2 [&amp;+p]:mt-4 [&amp;_strong:has(+br)]:inline-block [&amp;_strong:has(+br)]:pb-2\">Diese Kombination soll die Feuchtigkeitszufuhr erh\u00f6hen, gereizte und ger\u00f6tete Haut beruhigen, die Hautbarriere st\u00e4rken und ein glatteres, ebenm\u00e4\u00dfigeres Hautbild f\u00f6rdern.<\/p>\n<p class=\"my-2 [&amp;+p]:mt-4 [&amp;_strong:has(+br)]:inline-block [&amp;_strong:has(+br)]:pb-2\">Zus\u00e4tzlich nennt der Hersteller einen Pre-<a href=\"https:\/\/green.one\/de\/produkt\/spezialisiert\/kosmetik\/\">Anti-Aging<\/a>-Effekt, da die Rezeptur die nat\u00fcrlichen <a href=\"https:\/\/green.one\/de\/produkt\/spezialisiert\/kosmetik\/\">Anti-Aging-Kr\u00e4fte<\/a> der Haut aktivieren und langfristig Feuchtigkeit spenden soll.<\/p>\n<h6 id=\"technische-details\" class=\"font-editorial font-bold mb-2 mt-4 [.has-inline-images_&amp;]:clear-end text-lg first:mt-0 md:text-lg [hr+&amp;]:mt-4\">Technische Details<\/h6>\n<p class=\"my-2 [&amp;+p]:mt-4 [&amp;_strong:has(+br)]:inline-block [&amp;_strong:has(+br)]:pb-2\">Zu den wichtigsten Produkteigenschaften z\u00e4hlen 100 ml Inhalt, <a href=\"https:\/\/green.one\/de\/\">CBD<\/a> als enthaltenes Cannabinoid sowie zus\u00e4tzliche Wirkstoffe wie Aloe Vera und Traubenelexier.<\/p>\n<p class=\"my-2 [&amp;+p]:mt-4 [&amp;_strong:has(+br)]:inline-block [&amp;_strong:has(+br)]:pb-2\">Laut verf\u00fcgbarer Inhaltsstoffliste enth\u00e4lt das Gel unter anderem Aloe Barbadensis Leaf Juice, Glycerin, Rosa-Damascena-Bl\u00fctenwasser, Jojoba\u00f6l, Panthenol, Shiitake-Extrakt und Cannabidiol.<\/p>\n<p class=\"my-2 [&amp;+p]:mt-4 [&amp;_strong:has(+br)]:inline-block [&amp;_strong:has(+br)]:pb-2\">Au\u00dferdem wird das Produkt als frei von Paraffin-, Silikon- und Mineral\u00f6len, PEGs, Sulfaten und Parabenen beschrieben, wobei 98,5 Prozent der Inhaltsstoffe nat\u00fcrlichen Ursprungs sind.<\/p>\n<h6 id=\"anwendung-von-cbd-vital-premium-gesichtsreinigung\" class=\"font-editorial font-bold mb-2 mt-4 [.has-inline-images_&amp;]:clear-end text-lg first:mt-0 md:text-lg [hr+&amp;]:mt-4\">Anwendung von CBD Vital Premium Gesichtsreinigung<\/h6>\n<p class=\"my-2 [&amp;+p]:mt-4 [&amp;_strong:has(+br)]:inline-block [&amp;_strong:has(+br)]:pb-2\">F\u00fcr die Anwendung wird empfohlen, morgens und abends eine kleine Menge auf das nasse Gesicht aufzutragen, sanft einzumassieren und anschlie\u00dfend gr\u00fcndlich abzuwaschen.<\/p>\n<p class=\"my-2 [&amp;+p]:mt-4 [&amp;_strong:has(+br)]:inline-block [&amp;_strong:has(+br)]:pb-2\">Dadurch passt das Reinigungsgel ideal in eine t\u00e4gliche Pflegeroutine, wenn du ein frisches Hautgef\u00fchl, eine milde Formulierung und eine hochwertige Pflanzenkosmetik in einem Schritt suchst.<\/p>\n<p class=\"my-2 [&amp;+p]:mt-4 [&amp;_strong:has(+br)]:inline-block [&amp;_strong:has(+br)]:pb-2\">Wer\u00a0<strong>CBD Vital Premium Gesichtsreinigung<\/strong>\u00a0w\u00e4hlt, entscheidet sich f\u00fcr eine moderne <a href=\"https:\/\/green.one\/de\/produkt\/spezialisiert\/kosmetik\/gesichtspflege\/\">Gesichtspflege<\/a>, die Reinigung, Feuchtigkeit und pflanzliche Wirkstoffe in einer ausgewogenen Formel verbindet.<\/p>\n<p>green.one\u00ae <a href=\"https:\/\/green.one\/de\/\"><strong>CBD \u00d6l Shop<\/strong><\/a> ist ein deutsches Premium-Online-Gesch\u00e4ft das eine breite Auswahl an hochwertigen CBD-Produkten f\u00fcr ganz Europa anbietet.<\/p>\n<p class=\"my-2 [&amp;+p]:mt-4 [&amp;_strong:has(+br)]:inline-block [&amp;_strong:has(+br)]:pb-2\"><strong>Rechtlicher Hinweis:<\/strong> <em>Dieses Produkt ist kein Arzneimittel. Es ersetzt keine ausgewogene und abwechslungsreiche Ern\u00e4hrung und keinen gesunden Lebensstil. Bei Schwangerschaft, Stillzeit oder wenn du Medikamente einnimmst, konsultiere vor der Verwendung deinen Arzt.<\/em><\/p>\n","protected":false},"excerpt":{"rendered":"<p><strong>CBD Vital Premium Gesichtsreinigung<\/strong>\u00a0ist ein seifenfreies Reinigungsgel mit 100 ml, das Make-up, Hautsch\u00fcppchen und Unreinheiten sanft entfernt und f\u00fcr alle Hauttypen sowie sensible Haut geeignet ist. Die Premium-Biokosmetik kombiniert CBD mit VinUP Lift aus Traubenelixier, Aloe Vera, Rosenhydrolat, Panthenol, Jojoba\u00f6l und Shiitake-Biomodulinen f\u00fcr eine hautberuhigende, feuchtigkeitsspendende und erfrischende Reinigung. Mit 98,5% Inhaltsstoffen nat\u00fcrlichen Ursprungs und einer Formulierung ohne Paraffine, Silikone, Mineral\u00f6le, PEGs, Sulfate und Parabene eignet sich das Gel ideal f\u00fcr die t\u00e4gliche Gesichtspflege.<\/p>\n","protected":false},"featured_media":10188,"comment_status":"open","ping_status":"closed","template":"","meta":{"_trash_the_other_posts":false,"editor_notices":[]},"product_brand":[165],"product_cat":[157,271],"product_tag":[190,193,210,253,314],"class_list":{"0":"post-9997","1":"product","2":"type-product","3":"status-publish","4":"has-post-thumbnail","6":"product_brand-cbd-vital","7":"product_cat-kosmetik","8":"product_cat-gesichtspflege","9":"product_tag-creme","10":"product_tag-vital","11":"product_tag-kosmetik","12":"product_tag-cbd","13":"product_tag-gesichtspflege","15":"first","16":"instock","17":"sale","18":"taxable","19":"shipping-taxable","20":"purchasable","21":"product-type-simple"},"_links":{"self":[{"href":"https:\/\/green.one\/de\/wp-json\/wp\/v2\/product\/9997","targetHints":{"allow":["GET"]}}],"collection":[{"href":"https:\/\/green.one\/de\/wp-json\/wp\/v2\/product"}],"about":[{"href":"https:\/\/green.one\/de\/wp-json\/wp\/v2\/types\/product"}],"replies":[{"embeddable":true,"href":"https:\/\/green.one\/de\/wp-json\/wp\/v2\/comments?post=9997"}],"wp:featuredmedia":[{"embeddable":true,"href":"https:\/\/green.one\/de\/wp-json\/wp\/v2\/media\/10188"}],"wp:attachment":[{"href":"https:\/\/green.one\/de\/wp-json\/wp\/v2\/media?parent=9997"}],"wp:term":[{"taxonomy":"product_brand","embeddable":true,"href":"https:\/\/green.one\/de\/wp-json\/wp\/v2\/product_brand?post=9997"},{"taxonomy":"product_cat","embeddable":true,"href":"https:\/\/green.one\/de\/wp-json\/wp\/v2\/product_cat?post=9997"},{"taxonomy":"product_tag","embeddable":true,"href":"https:\/\/green.one\/de\/wp-json\/wp\/v2\/product_tag?post=9997"}],"curies":[{"name":"wp","href":"https:\/\/api.w.org\/{rel}","templated":true}]}}